{"id":48943,"date":"2024-03-05T08:38:36","date_gmt":"2024-03-05T07:38:36","guid":{"rendered":"https:\/\/www.formulatours.es\/?page_id=48943"},"modified":"2024-05-14T12:24:52","modified_gmt":"2024-05-14T10:24:52","slug":"erklaerung-zur-barrierefreiheit","status":"publish","type":"page","link":"https:\/\/www.formulatours.es\/de\/erklaerung-zur-barrierefreiheit\/","title":{"rendered":"Erkl\u00e4rung zur Zug\u00e4nglichkeit"},"content":{"rendered":"\n<h1 class=\"wp-block-heading\">Erkl\u00e4rung zur Barrierefreiheit<\/h1>\n\n\n\n<p>Die Organisation Formula Tours hat sich verpflichtet,\u00a0<a href=\"https:\/\/www.formulatours.es\/\">https:\/\/www.formulatours.es\/<\/a>, gem\u00e4\u00df dem K\u00f6niglichen Erlass 1112\/2018 vom 7. September \u00fcber die Zug\u00e4nglichkeit von Websites und Anwendungen f\u00fcr mobile Ger\u00e4te im \u00f6ffentlichen Sektor zug\u00e4nglich zu machen.<\/p>\n\n\n\n<p>Diese Erkl\u00e4rung zur Barrierefreiheit gilt f\u00fcr die Website\u00a0<a href=\"https:\/\/www.smartrentmca.com\/\"><a href=\"https:\/\/www.formulatours.es\/\">https:\/\/www.formulatours.es\/<\/a><\/a>.<\/p>\n\n\n\n<p>Diese Website entspricht vollst\u00e4ndig der RD 1112\/2018.<\/p>\n\n\n\n<p>Diese Stellungnahme wurde am 5. M\u00e4rz 2024 erstellt. Als Methode zur Erstellung der Stellungnahme diente eine von der Agentur selbst durchgef\u00fchrte Selbsteinsch\u00e4tzung.<\/p>\n\n\n\n<p>Letzte \u00dcberarbeitung der Erkl\u00e4rung: 5. M\u00e4rz 2024.<\/p>\n","protected":false},"excerpt":{"rendered":"<p>Erkl\u00e4rung zur Barrierefreiheit Die Organisation Formula Tours hat sich verpflichtet,\u00a0https:\/\/www.formulatours.es\/, gem\u00e4\u00df dem K\u00f6niglichen Erlass 1112\/2018 vom 7. September \u00fcber die Zug\u00e4nglichkeit von Websites und Anwendungen f\u00fcr mobile Ger\u00e4te im \u00f6ffentlichen Sektor zug\u00e4nglich zu machen. Diese Erkl\u00e4rung zur Barrierefreiheit gilt f\u00fcr die Website\u00a0https:\/\/www.formulatours.es\/. Diese Website entspricht vollst\u00e4ndig der RD 1112\/2018. Diese Stellungnahme wurde am 5. M\u00e4rz<\/p>\n","protected":false},"author":5,"featured_media":0,"parent":0,"menu_order":0,"comment_status":"closed","ping_status":"closed","template":"","meta":{"footnotes":""},"class_list":["post-48943","page","type-page","status-publish","hentry","prodpage-classic"],"yoast_head":"<!-- This site is optimized with the Yoast SEO plugin v25.4 - https:\/\/yoast.com\/wordpress\/plugins\/seo\/ -->\n<title>Erkl\u00e4rung zur Zug\u00e4nglichkeit - Formula Tours<\/title>\n<meta name=\"description\" content=\"FormulaTours hat sich der Barrierefreiheit im Internet verschrieben, um sicherzustellen, dass alle Nutzer eine vollst\u00e4ndige Erfahrung machen k\u00f6nnen. Erfahren Sie hier mehr.\" \/>\n<meta name=\"robots\" content=\"index, follow, max-snippet:-1, max-image-preview:large, max-video-preview:-1\" \/>\n<link rel=\"canonical\" href=\"https:\/\/www.formulatours.es\/de\/erklaerung-zur-barrierefreiheit\/\" \/>\n<meta property=\"og:locale\" content=\"de_DE\" \/>\n<meta property=\"og:type\" content=\"article\" \/>\n<meta property=\"og:title\" content=\"Erkl\u00e4rung zur Zug\u00e4nglichkeit - Formula Tours\" \/>\n<meta property=\"og:description\" content=\"FormulaTours hat sich der Barrierefreiheit im Internet verschrieben, um sicherzustellen, dass alle Nutzer eine vollst\u00e4ndige Erfahrung machen k\u00f6nnen. Erfahren Sie hier mehr.\" \/>\n<meta property=\"og:url\" content=\"https:\/\/www.formulatours.es\/de\/erklaerung-zur-barrierefreiheit\/\" \/>\n<meta property=\"og:site_name\" content=\"Formula Tours\" \/>\n<meta property=\"article:publisher\" content=\"https:\/\/www.facebook.com\/formulatoursmallorca\/\" \/>\n<meta property=\"article:modified_time\" content=\"2024-05-14T10:24:52+00:00\" \/>\n<meta property=\"og:image\" content=\"https:\/\/www.formulatours.es\/wp-content\/uploads\/2018\/07\/IMG_0433_2.jpg\" \/>\n\t<meta property=\"og:image:width\" content=\"1313\" \/>\n\t<meta property=\"og:image:height\" content=\"876\" \/>\n\t<meta property=\"og:image:type\" content=\"image\/jpeg\" \/>\n<meta name=\"twitter:card\" content=\"summary_large_image\" \/>\n<script type=\"application\/ld+json\" class=\"yoast-schema-graph\">{\"@context\":\"https:\/\/schema.org\",\"@graph\":[{\"@type\":\"WebPage\",\"@id\":\"https:\/\/www.formulatours.es\/de\/erklaerung-zur-barrierefreiheit\/\",\"url\":\"https:\/\/www.formulatours.es\/de\/erklaerung-zur-barrierefreiheit\/\",\"name\":\"Erkl\u00e4rung zur Zug\u00e4nglichkeit - Formula Tours\",\"isPartOf\":{\"@id\":\"https:\/\/www.formulatours.es\/#website\"},\"datePublished\":\"2024-03-05T07:38:36+00:00\",\"dateModified\":\"2024-05-14T10:24:52+00:00\",\"description\":\"FormulaTours hat sich der Barrierefreiheit im Internet verschrieben, um sicherzustellen, dass alle Nutzer eine vollst\u00e4ndige Erfahrung machen k\u00f6nnen. Erfahren Sie hier mehr.\",\"breadcrumb\":{\"@id\":\"https:\/\/www.formulatours.es\/de\/erklaerung-zur-barrierefreiheit\/#breadcrumb\"},\"inLanguage\":\"de\",\"potentialAction\":[{\"@type\":\"ReadAction\",\"target\":[\"https:\/\/www.formulatours.es\/de\/erklaerung-zur-barrierefreiheit\/\"]}]},{\"@type\":\"BreadcrumbList\",\"@id\":\"https:\/\/www.formulatours.es\/de\/erklaerung-zur-barrierefreiheit\/#breadcrumb\",\"itemListElement\":[{\"@type\":\"ListItem\",\"position\":1,\"name\":\"Portada\",\"item\":\"https:\/\/www.formulatours.es\/de\/\"},{\"@type\":\"ListItem\",\"position\":2,\"name\":\"Erkl\u00e4rung zur Zug\u00e4nglichkeit\"}]},{\"@type\":\"WebSite\",\"@id\":\"https:\/\/www.formulatours.es\/#website\",\"url\":\"https:\/\/www.formulatours.es\/\",\"name\":\"Formula Tours\",\"description\":\"Tours guiados por Mallorca\",\"publisher\":{\"@id\":\"https:\/\/www.formulatours.es\/#organization\"},\"potentialAction\":[{\"@type\":\"SearchAction\",\"target\":{\"@type\":\"EntryPoint\",\"urlTemplate\":\"https:\/\/www.formulatours.es\/?s={search_term_string}\"},\"query-input\":{\"@type\":\"PropertyValueSpecification\",\"valueRequired\":true,\"valueName\":\"search_term_string\"}}],\"inLanguage\":\"de\"},{\"@type\":\"Organization\",\"@id\":\"https:\/\/www.formulatours.es\/#organization\",\"name\":\"F\u00f3rmula Tours\",\"url\":\"https:\/\/www.formulatours.es\/\",\"logo\":{\"@type\":\"ImageObject\",\"inLanguage\":\"de\",\"@id\":\"https:\/\/www.formulatours.es\/#\/schema\/logo\/image\/\",\"url\":\"https:\/\/www.formulatours.es\/wp-content\/uploads\/2018\/03\/ft-logo.png\",\"contentUrl\":\"https:\/\/www.formulatours.es\/wp-content\/uploads\/2018\/03\/ft-logo.png\",\"width\":530,\"height\":212,\"caption\":\"F\u00f3rmula Tours\"},\"image\":{\"@id\":\"https:\/\/www.formulatours.es\/#\/schema\/logo\/image\/\"},\"sameAs\":[\"https:\/\/www.facebook.com\/formulatoursmallorca\/\",\"https:\/\/www.instagram.com\/formulatoursmallorca\/\",\"https:\/\/www.youtube.com\/channel\/UC0oC6ZF1VlH41lbAfSbvk-w\"]}]}<\/script>\n<!-- \/ Yoast SEO plugin. -->","yoast_head_json":{"title":"Erkl\u00e4rung zur Zug\u00e4nglichkeit - Formula Tours","description":"FormulaTours hat sich der Barrierefreiheit im Internet verschrieben, um sicherzustellen, dass alle Nutzer eine vollst\u00e4ndige Erfahrung machen k\u00f6nnen. Erfahren Sie hier mehr.","robots":{"index":"index","follow":"follow","max-snippet":"max-snippet:-1","max-image-preview":"max-image-preview:large","max-video-preview":"max-video-preview:-1"},"canonical":"https:\/\/www.formulatours.es\/de\/erklaerung-zur-barrierefreiheit\/","og_locale":"de_DE","og_type":"article","og_title":"Erkl\u00e4rung zur Zug\u00e4nglichkeit - Formula Tours","og_description":"FormulaTours hat sich der Barrierefreiheit im Internet verschrieben, um sicherzustellen, dass alle Nutzer eine vollst\u00e4ndige Erfahrung machen k\u00f6nnen. Erfahren Sie hier mehr.","og_url":"https:\/\/www.formulatours.es\/de\/erklaerung-zur-barrierefreiheit\/","og_site_name":"Formula Tours","article_publisher":"https:\/\/www.facebook.com\/formulatoursmallorca\/","article_modified_time":"2024-05-14T10:24:52+00:00","og_image":[{"width":1313,"height":876,"url":"https:\/\/www.formulatours.es\/wp-content\/uploads\/2018\/07\/IMG_0433_2.jpg","type":"image\/jpeg"}],"twitter_card":"summary_large_image","schema":{"@context":"https:\/\/schema.org","@graph":[{"@type":"WebPage","@id":"https:\/\/www.formulatours.es\/de\/erklaerung-zur-barrierefreiheit\/","url":"https:\/\/www.formulatours.es\/de\/erklaerung-zur-barrierefreiheit\/","name":"Erkl\u00e4rung zur Zug\u00e4nglichkeit - Formula Tours","isPartOf":{"@id":"https:\/\/www.formulatours.es\/#website"},"datePublished":"2024-03-05T07:38:36+00:00","dateModified":"2024-05-14T10:24:52+00:00","description":"FormulaTours hat sich der Barrierefreiheit im Internet verschrieben, um sicherzustellen, dass alle Nutzer eine vollst\u00e4ndige Erfahrung machen k\u00f6nnen. Erfahren Sie hier mehr.","breadcrumb":{"@id":"https:\/\/www.formulatours.es\/de\/erklaerung-zur-barrierefreiheit\/#breadcrumb"},"inLanguage":"de","potentialAction":[{"@type":"ReadAction","target":["https:\/\/www.formulatours.es\/de\/erklaerung-zur-barrierefreiheit\/"]}]},{"@type":"BreadcrumbList","@id":"https:\/\/www.formulatours.es\/de\/erklaerung-zur-barrierefreiheit\/#breadcrumb","itemListElement":[{"@type":"ListItem","position":1,"name":"Portada","item":"https:\/\/www.formulatours.es\/de\/"},{"@type":"ListItem","position":2,"name":"Erkl\u00e4rung zur Zug\u00e4nglichkeit"}]},{"@type":"WebSite","@id":"https:\/\/www.formulatours.es\/#website","url":"https:\/\/www.formulatours.es\/","name":"Formula Tours","description":"Tours guiados por Mallorca","publisher":{"@id":"https:\/\/www.formulatours.es\/#organization"},"potentialAction":[{"@type":"SearchAction","target":{"@type":"EntryPoint","urlTemplate":"https:\/\/www.formulatours.es\/?s={search_term_string}"},"query-input":{"@type":"PropertyValueSpecification","valueRequired":true,"valueName":"search_term_string"}}],"inLanguage":"de"},{"@type":"Organization","@id":"https:\/\/www.formulatours.es\/#organization","name":"F\u00f3rmula Tours","url":"https:\/\/www.formulatours.es\/","logo":{"@type":"ImageObject","inLanguage":"de","@id":"https:\/\/www.formulatours.es\/#\/schema\/logo\/image\/","url":"https:\/\/www.formulatours.es\/wp-content\/uploads\/2018\/03\/ft-logo.png","contentUrl":"https:\/\/www.formulatours.es\/wp-content\/uploads\/2018\/03\/ft-logo.png","width":530,"height":212,"caption":"F\u00f3rmula Tours"},"image":{"@id":"https:\/\/www.formulatours.es\/#\/schema\/logo\/image\/"},"sameAs":["https:\/\/www.facebook.com\/formulatoursmallorca\/","https:\/\/www.instagram.com\/formulatoursmallorca\/","https:\/\/www.youtube.com\/channel\/UC0oC6ZF1VlH41lbAfSbvk-w"]}]}},"_links":{"self":[{"href":"https:\/\/www.formulatours.es\/de\/wp-json\/wp\/v2\/pages\/48943","targetHints":{"allow":["GET"]}}],"collection":[{"href":"https:\/\/www.formulatours.es\/de\/wp-json\/wp\/v2\/pages"}],"about":[{"href":"https:\/\/www.formulatours.es\/de\/wp-json\/wp\/v2\/types\/page"}],"author":[{"embeddable":true,"href":"https:\/\/www.formulatours.es\/de\/wp-json\/wp\/v2\/users\/5"}],"replies":[{"embeddable":true,"href":"https:\/\/www.formulatours.es\/de\/wp-json\/wp\/v2\/comments?post=48943"}],"version-history":[{"count":0,"href":"https:\/\/www.formulatours.es\/de\/wp-json\/wp\/v2\/pages\/48943\/revisions"}],"wp:attachment":[{"href":"https:\/\/www.formulatours.es\/de\/wp-json\/wp\/v2\/media?parent=48943"}],"curies":[{"name":"wp","href":"https:\/\/api.w.org\/{rel}","templated":true}]}}