{"id":49166,"date":"2024-05-21T09:58:59","date_gmt":"2024-05-21T07:58:59","guid":{"rendered":"https:\/\/www.formulatours.es\/?page_id=49166"},"modified":"2024-05-21T09:59:02","modified_gmt":"2024-05-21T07:59:02","slug":"cookies-politik","status":"publish","type":"page","link":"https:\/\/www.formulatours.es\/de\/cookies-politik\/","title":{"rendered":"COOKIES-POLITIK"},"content":{"rendered":"\n<p>Ein Cookie ist eine Datei, die auf Ihren Computer heruntergeladen wird, wenn Sie auf bestimmte Websites zugreifen. Cookies erm\u00f6glichen es einer Website unter anderem, Informationen \u00fcber die Surfgewohnheiten eines Nutzers oder seines Computers zu speichern und abzurufen, und k\u00f6nnen je nach den enthaltenen Informationen und der Art und Weise, wie Sie Ihren Computer verwenden, zur Wiedererkennung des Nutzers verwendet werden.<\/p>\n\n\n\n<p>Cookies sind f\u00fcr das Funktionieren des Internets unerl\u00e4sslich und bieten zahlreiche Vorteile bei der Bereitstellung interaktiver Dienste, die die Navigation und die Nutzbarkeit unserer Website erleichtern.<br>Die nachstehenden Informationen sollen Ihnen helfen, die verschiedenen Arten von Cookies zu verstehen:<\/p>\n\n\n\n<figure class=\"wp-block-table\"><table><tbody><tr><td colspan=\"3\">ARTEN VON COOKIES<\/td><\/tr><tr><td rowspan=\"2\">JE NACH DER EINRICHTUNG, DIE SIE VERWALTET<\/td><td>Eigene Cookies<\/td><td>Diese werden vom Herausgeber selbst erhoben, um den vom Nutzer gew\u00fcnschten Dienst zu erbringen.<\/td><\/tr><tr><td>Cookies von Dritten<\/td><td>Es handelt sich dabei um Daten, die von Dritten gesammelt und verwaltet werden und nicht als urheberrechtlich gesch\u00fctzt angesehen werden k\u00f6nnen.<\/td><\/tr><tr><td rowspan=\"2\">JE NACH DER DAUER IHRER AKTIVIT\u00c4T<\/td><td>Sitzungs-Cookies<\/td><td>Sie sammeln Daten, w\u00e4hrend der Nutzer im Netz surft, um den gew\u00fcnschten Dienst bereitzustellen.<\/td><\/tr><tr><td>Dauerhafte Cookies<\/td><td>Sie werden auf dem Endger\u00e4t gespeichert, und die erhaltenen Informationen werden von der f\u00fcr das Cookie verantwortlichen Partei verwendet, um die angeforderte Dienstleistung zu erbringen.<\/td><\/tr><tr><td rowspan=\"5\">ENTSPRECHEND IHREM ZWECK<\/td><td>Technische Cookies<\/td><td>Diese sind f\u00fcr das korrekte Surfen auf der Website erforderlich.<\/td><\/tr><tr><td>Personalisierungs-Cookies<\/td><td>Sie erm\u00f6glichen es dem Nutzer, die Merkmale (Sprache) f\u00fcr das Surfen auf der Website festzulegen.<\/td><\/tr><tr><td>Analyse-Cookies<\/td><td>Sie erm\u00f6glichen dem Anbieter die Analyse der vom Benutzer durchgef\u00fchrten Navigation, um die Nutzung der Website zu verfolgen und Statistiken \u00fcber die meistbesuchten Inhalte, die Anzahl der Besucher usw. zu erstellen.<\/td><\/tr><tr><td>Werbung Cookies<\/td><td>Sie erm\u00f6glichen es dem Herausgeber, je nach Inhalt der Website selbst, Werbefl\u00e4chen auf der Website einzubinden.<\/td><\/tr><tr><td>Cookies f\u00fcr verhaltensbasierte Werbung<\/td><td>Sie erm\u00f6glichen es dem Herausgeber, auf der Grundlage von Informationen, die er \u00fcber die Surfgewohnheiten des Nutzers erh\u00e4lt, Werbefl\u00e4chen auf der Website einzubinden.<\/td><\/tr><\/tbody><\/table><\/figure>\n\n\n\n<p>Gem\u00e4\u00df Artikel 22.2 des Gesetzes 34\/2002 vom 11. Juli 2002 \u00fcber die Dienste der Informationsgesellschaft und den elektronischen Handel (LSSI-CE) informiert Sie FORMULA TOURS SL \u00fcber die auf unserer Website verwendeten Cookies:<\/p>\n\n\n\n<figure class=\"wp-block-table\"><table><tbody><tr><td rowspan=\"2\">ZWECK<\/td><td colspan=\"4\">ARTEN VON COOKIES<\/td><\/tr><tr><td>Eigene Cookies<\/td><td>Cookies von Dritten<\/td><td>Sitzungs-Cookies<\/td><td>Dauerhafte Cookies<\/td><\/tr><tr><td>Technische Cookies<\/td><td>\u00a0Ja<\/td><td>\u00a0Nein<\/td><td>\u00a0Ja<\/td><td>Nein<\/td><\/tr><tr><td>Personalisierungs-Cookies<\/td><td>\u00a0Ja<\/td><td>\u00a0Nein<\/td><td>\u00a0Nein<\/td><td>\u00a0Ja<\/td><\/tr><tr><td>Analyse-Cookies<\/td><td>\u00a0Nein<\/td><td>\u00a0Ja<\/td><td>\u00a0Ja<\/td><td>Ja<\/td><\/tr><tr><td>Werbung Cookies<\/td><td>\u00a0Nein<\/td><td>\u00a0Nein<\/td><td>\u00a0Nein<\/td><td>\u00a0Nein<\/td><\/tr><tr><td>Cookies f\u00fcr verhaltensbasierte Werbung<\/td><td>\u00a0Nein<\/td><td>\u00a0Nein<\/td><td>\u00a0Nein<\/td><td>\u00a0Nein<\/td><\/tr><\/tbody><\/table><\/figure>\n\n\n\n<ul class=\"wp-block-list\">\n<li><strong>Google Analytics:<\/strong> Speichert Cookies, um Statistiken \u00fcber den Verkehr und das Volumen der Besuche auf dieser Website zu erstellen. Durch die Nutzung dieser Website erkl\u00e4ren Sie sich mit der Bearbeitung der \u00fcber Sie erhobenen Daten durch Google einverstanden. Google Analytics-Cookies werden auf Servern in den Vereinigten Staaten gespeichert und verpflichtet sich, sie nicht an Dritte weiterzugeben, es sei denn, dies ist f\u00fcr den Betrieb des Systems erforderlich oder gesetzlich vorgeschrieben. Nach Angaben von Google ist Google Inc. ein Privacy-Shield-Unternehmen, das garantiert, dass alle \u00fcbertragenen Daten mit einem Schutzniveau behandelt werden, das den europ\u00e4ischen Vorschriften entspricht. Ausf\u00fchrliche Informationen zu diesem Thema finden Sie unter dem folgenden Link: <a href=\"https:\/\/support.google.com\/analytics\/answer\/6004245\" target=\"_blank\" rel=\"noreferrer noopener\">https:\/\/support.google.com\/analytics\/answer\/6004245<\/a>.Wenn Sie m\u00f6chten, k\u00f6nnen Sie das Google Analytics Opt-out Browser Add-on verwenden, mit dem Sie analytische Cookies von Google Analytics in allen Browsern ablehnen k\u00f6nnen. Weitere Informationen dazu finden Sie unter dem folgenden Link: <a href=\"https:\/\/tools.google.com\/dlpage\/gaoptout\" target=\"_blank\" rel=\"noreferrer noopener\">https:\/\/tools.google.com\/dlpage\/gaoptout<\/a><\/li>\n<\/ul>\n\n\n\n<p>FORMULA TOURS SL informiert die Nutzer auch dar\u00fcber, dass sie ihren Browser so konfigurieren k\u00f6nnen, dass sie \u00fcber den Erhalt von Cookies informiert werden und dass sie, wenn sie dies w\u00fcnschen, deren Installation auf ihrer Festplatte verhindern k\u00f6nnen.<\/p>\n\n\n\n<p>Im Folgenden finden Sie Links zu verschiedenen Browsern, mit denen Sie diese Konfiguration durchf\u00fchren k\u00f6nnen:<\/p>\n\n\n\n<ul class=\"wp-block-list\">\n<li><strong><em>Firefox von hier:<\/em><\/strong> <a href=\"http:\/\/support.mozilla.org\/es\/kb\/habilitar-y-deshabilitar-cookies-que-los-sitios-we\" target=\"_blank\" rel=\"noreferrer noopener\">http:\/\/support.mozilla.org\/es\/kb\/habilitar-y-deshabilitar-cookies-que-los-sitios-we<\/a><\/li>\n\n\n\n<li><strong><em>Chrome von hier:<\/em><\/strong> <a href=\"http:\/\/support.google.com\/chrome\/bin\/answer.py?hl=es&amp;answer=95647\" target=\"_blank\" rel=\"noreferrer noopener\">http:\/\/support.google.com\/chrome\/bin\/answer.py?hl=es&amp;answer=95647<\/a><\/li>\n\n\n\n<li><strong><em>Explorer von hier aus:<\/em><\/strong> <a href=\"http:\/\/windows.microsoft.com\/es-es\/internet-explorer\/delete-manage-cookies#ie=ie-10\" target=\"_blank\" rel=\"noreferrer noopener\">http:\/\/windows.microsoft.com\/es-es\/internet-explorer\/delete-manage-cookies#ie=ie-10<\/a><\/li>\n\n\n\n<li><strong><em>Safari von hier:<\/em><\/strong> <a href=\"https:\/\/support.apple.com\/kb\/ph17191?locale=es_ES\" target=\"_blank\" rel=\"noreferrer noopener\">https:\/\/support.apple.com\/kb\/ph17191?locale=es_ES<\/a><\/li>\n\n\n\n<li><strong><em>Opera von hier:<\/em><\/strong> <a href=\"http:\/\/help.opera.com\/Windows\/11.50\/es-ES\/cookies.html\" target=\"_blank\" rel=\"noreferrer noopener\">http:\/\/help.opera.com\/Windows\/11.50\/es-ES\/cookies.html<\/a><\/li>\n<\/ul>\n","protected":false},"excerpt":{"rendered":"<p>Ein Cookie ist eine Datei, die auf Ihren Computer heruntergeladen wird, wenn Sie auf bestimmte Websites zugreifen. Cookies erm\u00f6glichen es einer Website unter anderem, Informationen \u00fcber die Surfgewohnheiten eines Nutzers oder seines Computers zu speichern und abzurufen, und k\u00f6nnen je nach den enthaltenen Informationen und der Art und Weise, wie Sie Ihren Computer verwenden, zur<\/p>\n","protected":false},"author":5,"featured_media":0,"parent":0,"menu_order":0,"comment_status":"closed","ping_status":"closed","template":"","meta":{"footnotes":""},"class_list":["post-49166","page","type-page","status-publish","hentry","prodpage-classic"],"yoast_head":"<!-- This site is optimized with the Yoast SEO plugin v25.4 - https:\/\/yoast.com\/wordpress\/plugins\/seo\/ -->\n<title>COOKIES-POLITIK - Formula Tours<\/title>\n<meta name=\"robots\" content=\"noindex, follow\" \/>\n<meta property=\"og:locale\" content=\"de_DE\" \/>\n<meta property=\"og:type\" content=\"article\" \/>\n<meta property=\"og:title\" content=\"COOKIES-POLITIK - Formula Tours\" \/>\n<meta property=\"og:description\" content=\"Ein Cookie ist eine Datei, die auf Ihren Computer heruntergeladen wird, wenn Sie auf bestimmte Websites zugreifen. Cookies erm\u00f6glichen es einer Website unter anderem, Informationen \u00fcber die Surfgewohnheiten eines Nutzers oder seines Computers zu speichern und abzurufen, und k\u00f6nnen je nach den enthaltenen Informationen und der Art und Weise, wie Sie Ihren Computer verwenden, zur\" \/>\n<meta property=\"og:url\" content=\"https:\/\/www.formulatours.es\/de\/cookies-politik\/\" \/>\n<meta property=\"og:site_name\" content=\"Formula Tours\" \/>\n<meta property=\"article:publisher\" content=\"https:\/\/www.facebook.com\/formulatoursmallorca\/\" \/>\n<meta property=\"article:modified_time\" content=\"2024-05-21T07:59:02+00:00\" \/>\n<meta property=\"og:image\" content=\"https:\/\/www.formulatours.es\/wp-content\/uploads\/2018\/07\/IMG_0433_2.jpg\" \/>\n\t<meta property=\"og:image:width\" content=\"1313\" \/>\n\t<meta property=\"og:image:height\" content=\"876\" \/>\n\t<meta property=\"og:image:type\" content=\"image\/jpeg\" \/>\n<meta name=\"twitter:card\" content=\"summary_large_image\" \/>\n<meta name=\"twitter:label1\" content=\"Gesch\u00e4tzte Lesezeit\" \/>\n\t<meta name=\"twitter:data1\" content=\"3\u00a0Minuten\" \/>\n<script type=\"application\/ld+json\" class=\"yoast-schema-graph\">{\"@context\":\"https:\/\/schema.org\",\"@graph\":[{\"@type\":\"WebPage\",\"@id\":\"https:\/\/www.formulatours.es\/de\/cookies-politik\/\",\"url\":\"https:\/\/www.formulatours.es\/de\/cookies-politik\/\",\"name\":\"COOKIES-POLITIK - Formula Tours\",\"isPartOf\":{\"@id\":\"https:\/\/www.formulatours.es\/#website\"},\"datePublished\":\"2024-05-21T07:58:59+00:00\",\"dateModified\":\"2024-05-21T07:59:02+00:00\",\"breadcrumb\":{\"@id\":\"https:\/\/www.formulatours.es\/de\/cookies-politik\/#breadcrumb\"},\"inLanguage\":\"de\",\"potentialAction\":[{\"@type\":\"ReadAction\",\"target\":[\"https:\/\/www.formulatours.es\/de\/cookies-politik\/\"]}]},{\"@type\":\"BreadcrumbList\",\"@id\":\"https:\/\/www.formulatours.es\/de\/cookies-politik\/#breadcrumb\",\"itemListElement\":[{\"@type\":\"ListItem\",\"position\":1,\"name\":\"Portada\",\"item\":\"https:\/\/www.formulatours.es\/de\/\"},{\"@type\":\"ListItem\",\"position\":2,\"name\":\"COOKIES-POLITIK\"}]},{\"@type\":\"WebSite\",\"@id\":\"https:\/\/www.formulatours.es\/#website\",\"url\":\"https:\/\/www.formulatours.es\/\",\"name\":\"Formula Tours\",\"description\":\"Tours guiados por Mallorca\",\"publisher\":{\"@id\":\"https:\/\/www.formulatours.es\/#organization\"},\"potentialAction\":[{\"@type\":\"SearchAction\",\"target\":{\"@type\":\"EntryPoint\",\"urlTemplate\":\"https:\/\/www.formulatours.es\/?s={search_term_string}\"},\"query-input\":{\"@type\":\"PropertyValueSpecification\",\"valueRequired\":true,\"valueName\":\"search_term_string\"}}],\"inLanguage\":\"de\"},{\"@type\":\"Organization\",\"@id\":\"https:\/\/www.formulatours.es\/#organization\",\"name\":\"F\u00f3rmula Tours\",\"url\":\"https:\/\/www.formulatours.es\/\",\"logo\":{\"@type\":\"ImageObject\",\"inLanguage\":\"de\",\"@id\":\"https:\/\/www.formulatours.es\/#\/schema\/logo\/image\/\",\"url\":\"https:\/\/www.formulatours.es\/wp-content\/uploads\/2018\/03\/ft-logo.png\",\"contentUrl\":\"https:\/\/www.formulatours.es\/wp-content\/uploads\/2018\/03\/ft-logo.png\",\"width\":530,\"height\":212,\"caption\":\"F\u00f3rmula Tours\"},\"image\":{\"@id\":\"https:\/\/www.formulatours.es\/#\/schema\/logo\/image\/\"},\"sameAs\":[\"https:\/\/www.facebook.com\/formulatoursmallorca\/\",\"https:\/\/www.instagram.com\/formulatoursmallorca\/\",\"https:\/\/www.youtube.com\/channel\/UC0oC6ZF1VlH41lbAfSbvk-w\"]}]}<\/script>\n<!-- \/ Yoast SEO plugin. -->","yoast_head_json":{"title":"COOKIES-POLITIK - Formula Tours","robots":{"index":"noindex","follow":"follow"},"og_locale":"de_DE","og_type":"article","og_title":"COOKIES-POLITIK - Formula Tours","og_description":"Ein Cookie ist eine Datei, die auf Ihren Computer heruntergeladen wird, wenn Sie auf bestimmte Websites zugreifen. Cookies erm\u00f6glichen es einer Website unter anderem, Informationen \u00fcber die Surfgewohnheiten eines Nutzers oder seines Computers zu speichern und abzurufen, und k\u00f6nnen je nach den enthaltenen Informationen und der Art und Weise, wie Sie Ihren Computer verwenden, zur","og_url":"https:\/\/www.formulatours.es\/de\/cookies-politik\/","og_site_name":"Formula Tours","article_publisher":"https:\/\/www.facebook.com\/formulatoursmallorca\/","article_modified_time":"2024-05-21T07:59:02+00:00","og_image":[{"width":1313,"height":876,"url":"https:\/\/www.formulatours.es\/wp-content\/uploads\/2018\/07\/IMG_0433_2.jpg","type":"image\/jpeg"}],"twitter_card":"summary_large_image","twitter_misc":{"Gesch\u00e4tzte Lesezeit":"3\u00a0Minuten"},"schema":{"@context":"https:\/\/schema.org","@graph":[{"@type":"WebPage","@id":"https:\/\/www.formulatours.es\/de\/cookies-politik\/","url":"https:\/\/www.formulatours.es\/de\/cookies-politik\/","name":"COOKIES-POLITIK - Formula Tours","isPartOf":{"@id":"https:\/\/www.formulatours.es\/#website"},"datePublished":"2024-05-21T07:58:59+00:00","dateModified":"2024-05-21T07:59:02+00:00","breadcrumb":{"@id":"https:\/\/www.formulatours.es\/de\/cookies-politik\/#breadcrumb"},"inLanguage":"de","potentialAction":[{"@type":"ReadAction","target":["https:\/\/www.formulatours.es\/de\/cookies-politik\/"]}]},{"@type":"BreadcrumbList","@id":"https:\/\/www.formulatours.es\/de\/cookies-politik\/#breadcrumb","itemListElement":[{"@type":"ListItem","position":1,"name":"Portada","item":"https:\/\/www.formulatours.es\/de\/"},{"@type":"ListItem","position":2,"name":"COOKIES-POLITIK"}]},{"@type":"WebSite","@id":"https:\/\/www.formulatours.es\/#website","url":"https:\/\/www.formulatours.es\/","name":"Formula Tours","description":"Tours guiados por Mallorca","publisher":{"@id":"https:\/\/www.formulatours.es\/#organization"},"potentialAction":[{"@type":"SearchAction","target":{"@type":"EntryPoint","urlTemplate":"https:\/\/www.formulatours.es\/?s={search_term_string}"},"query-input":{"@type":"PropertyValueSpecification","valueRequired":true,"valueName":"search_term_string"}}],"inLanguage":"de"},{"@type":"Organization","@id":"https:\/\/www.formulatours.es\/#organization","name":"F\u00f3rmula Tours","url":"https:\/\/www.formulatours.es\/","logo":{"@type":"ImageObject","inLanguage":"de","@id":"https:\/\/www.formulatours.es\/#\/schema\/logo\/image\/","url":"https:\/\/www.formulatours.es\/wp-content\/uploads\/2018\/03\/ft-logo.png","contentUrl":"https:\/\/www.formulatours.es\/wp-content\/uploads\/2018\/03\/ft-logo.png","width":530,"height":212,"caption":"F\u00f3rmula Tours"},"image":{"@id":"https:\/\/www.formulatours.es\/#\/schema\/logo\/image\/"},"sameAs":["https:\/\/www.facebook.com\/formulatoursmallorca\/","https:\/\/www.instagram.com\/formulatoursmallorca\/","https:\/\/www.youtube.com\/channel\/UC0oC6ZF1VlH41lbAfSbvk-w"]}]}},"_links":{"self":[{"href":"https:\/\/www.formulatours.es\/de\/wp-json\/wp\/v2\/pages\/49166","targetHints":{"allow":["GET"]}}],"collection":[{"href":"https:\/\/www.formulatours.es\/de\/wp-json\/wp\/v2\/pages"}],"about":[{"href":"https:\/\/www.formulatours.es\/de\/wp-json\/wp\/v2\/types\/page"}],"author":[{"embeddable":true,"href":"https:\/\/www.formulatours.es\/de\/wp-json\/wp\/v2\/users\/5"}],"replies":[{"embeddable":true,"href":"https:\/\/www.formulatours.es\/de\/wp-json\/wp\/v2\/comments?post=49166"}],"version-history":[{"count":1,"href":"https:\/\/www.formulatours.es\/de\/wp-json\/wp\/v2\/pages\/49166\/revisions"}],"predecessor-version":[{"id":49167,"href":"https:\/\/www.formulatours.es\/de\/wp-json\/wp\/v2\/pages\/49166\/revisions\/49167"}],"wp:attachment":[{"href":"https:\/\/www.formulatours.es\/de\/wp-json\/wp\/v2\/media?parent=49166"}],"curies":[{"name":"wp","href":"https:\/\/api.w.org\/{rel}","templated":true}]}}