{"id":49170,"date":"2024-05-21T10:14:44","date_gmt":"2024-05-21T08:14:44","guid":{"rendered":"https:\/\/www.formulatours.es\/?page_id=49170"},"modified":"2024-05-21T10:14:53","modified_gmt":"2024-05-21T08:14:53","slug":"datenschutzpolitik-soziale-netzwerke","status":"publish","type":"page","link":"https:\/\/www.formulatours.es\/de\/datenschutzpolitik-soziale-netzwerke\/","title":{"rendered":"DATENSCHUTZPOLITIK SOZIALE NETZWERKE"},"content":{"rendered":"\n<p>In \u00dcbereinstimmung mit der geltenden Gesetzgebung zum Schutz personenbezogener Daten (RGPD) und dem Gesetz 34\/2002 vom 11. Juli \u00fcber die Dienstleistungen der Informationsgesellschaft und den elektronischen Handel (LSSI-CE) informiert FORMULA TOURS SL die Nutzer dar\u00fcber, dass sie ein Profil in den sozialen Netzwerken Facebook und Instagram erstellt hat, mit dem Hauptzweck der Werbung f\u00fcr ihre Produkte und Dienstleistungen.<\/p>\n\n\n\n<p>Einzelheiten zu FORMULA TOURS SL:<\/p>\n\n\n\n<ul class=\"wp-block-list\">\n<li>CIF: B16546376<\/li>\n\n\n\n<li>ANSCHRIFT: SAVINA 8 07160, PEGUERA (ILLES BALEARS)<\/li>\n\n\n\n<li>E-MAIL: <a href=\"mailto:formulatours@icloud.com\">formulatours@icloud.com<\/a><\/li>\n\n\n\n<li>WEB-DOM\u00c4NE: <a href=\"http:\/\/www.formulatours.es\/\">www.formulatours.es<\/a><\/li>\n<\/ul>\n\n\n\n<p>Der Nutzer hat ein Profil in demselben sozialen Netzwerk und hat sich entschieden, der von FORMULA TOURS SL erstellten Seite beizutreten und damit sein Interesse an den Informationen zu zeigen, die in dem Netzwerk beworben werden. Indem Sie unserer Seite beitreten, stimmen Sie der Verarbeitung der in Ihrem Profil ver\u00f6ffentlichten pers\u00f6nlichen Daten zu.<\/p>\n\n\n\n<p>Der Nutzer kann jederzeit auf die Datenschutzrichtlinien des sozialen Netzwerks selbst zugreifen und sein Profil so konfigurieren, dass seine Privatsph\u00e4re gewahrt bleibt.<\/p>\n\n\n\n<p>FORMULA TOURS SL hat Zugang zu den \u00f6ffentlichen Informationen des Nutzers und verarbeitet diese, insbesondere den Kontaktnamen des Nutzers. Diese Daten werden nur innerhalb des sozialen Netzwerks selbst verwendet. Sie werden nicht in eine Datei aufgenommen.<\/p>\n\n\n\n<ul class=\"wp-block-list\">\n<li>In Bezug auf die Rechte auf Zugang, Berichtigung, Einschr\u00e4nkung der Verarbeitung, L\u00f6schung, \u00dcbertragbarkeit und Widerspruch gegen die Verarbeitung, die Sie haben und die vor FORMULA TOURS SL ausge\u00fcbt werden k\u00f6nnen, in \u00dcbereinstimmung mit der RGPD, m\u00fcssen Sie die folgenden Nuancen zu ber\u00fccksichtigen:<\/li>\n\n\n\n<li>Zugang: Wird durch die Funktionalit\u00e4t des sozialen Netzwerks und die M\u00f6glichkeit des Zugriffs auf Informationen aus Nutzerprofilen definiert.<\/li>\n\n\n\n<li>Berichtigung: Dieses Recht kann nur in Bezug auf Informationen ausge\u00fcbt werden, die unter der Kontrolle von FORMULA TOURS SL stehen, zum Beispiel das L\u00f6schen von Kommentaren auf der Seite selbst. Normalerweise muss dieses Recht vor dem sozialen Netzwerk ausge\u00fcbt werden.<\/li>\n\n\n\n<li>L\u00f6schung und\/oder Widerspruch: Wie im vorhergehenden Fall kann dieses Recht nur in Bezug auf Informationen ausge\u00fcbt werden, die unter der Kontrolle von FORMULA TOURS SL stehen, z.B. um nicht mehr mit dem Profil verkn\u00fcpft zu werden.<\/li>\n<\/ul>\n\n\n\n<p>FORMULA TOURS SL wird die folgenden Ma\u00dfnahmen durchf\u00fchren:<\/p>\n\n\n\n<ul class=\"wp-block-list\">\n<li>Zugang zu \u00f6ffentlichen Profilinformationen.<\/li>\n\n\n\n<li>Ver\u00f6ffentlichung aller bereits auf der Website von FORMULA TOURS SL ver\u00f6ffentlichten Informationen im Profil des Nutzers.<\/li>\n\n\n\n<li>Senden Sie pers\u00f6nliche und individuelle Nachrichten \u00fcber die Kan\u00e4le der sozialen Netzwerke.<\/li>\n\n\n\n<li>Statusaktualisierungen auf der Seite, die im Profil des Nutzers ver\u00f6ffentlicht werden sollen.<\/li>\n<\/ul>\n\n\n\n<p>Sie k\u00f6nnen Ihre Verbindungen jederzeit kontrollieren, Inhalte l\u00f6schen, die Sie nicht mehr interessieren, und einschr\u00e4nken, mit wem Sie Ihre Verbindungen teilen, indem Sie auf Ihre Datenschutzeinstellungen zugreifen.<\/p>\n\n\n\n<p><strong>Ver\u00f6ffentlichungen<\/strong><\/p>\n\n\n\n<p>Der Nutzer kann, sobald er mit der Website von FORMULA TOURS SL verlinkt ist, Kommentare, Links, Bilder oder Fotos oder jede andere Art von multimedialen Inhalten ver\u00f6ffentlichen, die vom sozialen Netzwerk unterst\u00fctzt werden. Der Nutzer muss in jedem Fall der Eigent\u00fcmer dieser Inhalte sein, das Urheberrecht und die Rechte am geistigen Eigentum besitzen oder die Zustimmung der betroffenen Dritten haben. Jegliche Ver\u00f6ffentlichung auf der Website, sei es in Form von Texten, Grafiken, Fotos, Videos usw., die gegen die Moral, die Ethik, den guten Geschmack oder den Anstand versto\u00dfen oder versto\u00dfen k\u00f6nnten und\/oder die die Rechte an geistigem oder gewerblichem Eigentum, das Recht am eigenen Bild oder das Gesetz verletzen, ist ausdr\u00fccklich verboten. In solchen F\u00e4llen beh\u00e4lt sich FORMULA TOURS SL das Recht vor, den Inhalt sofort zu entfernen und kann die dauerhafte Sperrung des Nutzers verlangen.<\/p>\n\n\n\n<p>FORMULA TOURS SL kann nicht f\u00fcr Inhalte verantwortlich gemacht werden, die von einem Nutzer frei ver\u00f6ffentlicht wurden. Die Nutzer m\u00fcssen sich dar\u00fcber im Klaren sein, dass ihre Beitr\u00e4ge anderen Nutzern bekannt sein werden und dass sie daher in erster Linie f\u00fcr ihre eigene Privatsph\u00e4re verantwortlich sind. Die Bilder, die auf der Seite ver\u00f6ffentlicht werden k\u00f6nnen, werden von FORMULA TOURS SL nicht in einer Datei gespeichert, sondern verbleiben im sozialen Netzwerk.<\/p>\n\n\n\n<p><strong>Wettbewerbe und Werbeaktionen<\/strong><\/p>\n\n\n\n<p>FORMULA TOURS SL beh\u00e4lt sich das Recht vor, Wettbewerbe und Promotionen zu veranstalten, an denen der mit Ihrer Seite verkn\u00fcpfte Nutzer teilnehmen kann. Wenn die Plattform des sozialen Netzwerks zu diesem Zweck genutzt wird, werden die jeweiligen Bedingungen dort ver\u00f6ffentlicht. Stets die LSSI-CE und alle anderen geltenden Vorschriften einhalten.<\/p>\n\n\n\n<p>Das Soziale Netzwerk sponsert, unterst\u00fctzt oder verwaltet in keiner Weise eine unserer Werbeaktionen und ist auch nicht mit einer solchen verbunden.<\/p>\n\n\n\n<p><strong>Werbung<\/strong><\/p>\n\n\n\n<p>FORMULA TOURS SL wird das soziale Netzwerk nutzen, um f\u00fcr seine Produkte und Dienstleistungen zu werben. In jedem Fall, wenn Sie sich entscheiden, Ihre Kontaktdaten f\u00fcr direkte kommerzielle Aktionen zu verwenden, wird dies immer in \u00dcbereinstimmung mit den gesetzlichen Anforderungen der RGPD und der LSSI-CE sein.<\/p>\n\n\n\n<p>Die Empfehlung der Website von FORMULA TOURS SL an andere Nutzer, damit diese ebenfalls in den Genuss von Werbeaktionen kommen oder \u00fcber die Aktivit\u00e4ten von FORMULA TOURS SL informiert werden, gilt nicht als Werbung. Nachstehend finden Sie den Link zu den Datenschutzbestimmungen des sozialen Netzwerks:<\/p>\n\n\n\n<ul class=\"wp-block-list\">\n<li>Facebook:<a href=\"https:\/\/www.facebook.com\/help\/323540651073243\/\">https:\/\/www.facebook.com\/help\/323540651073243\/<\/a><\/li>\n\n\n\n<li>Instagram: <a href=\"http:\/\/instagram.com\/about\/legal\/privacy\/\">http:\/\/instagram.com\/about\/legal\/privacy\/<\/a><\/li>\n<\/ul>\n","protected":false},"excerpt":{"rendered":"<p>In \u00dcbereinstimmung mit der geltenden Gesetzgebung zum Schutz personenbezogener Daten (RGPD) und dem Gesetz 34\/2002 vom 11. Juli \u00fcber die Dienstleistungen der Informationsgesellschaft und den elektronischen Handel (LSSI-CE) informiert FORMULA TOURS SL die Nutzer dar\u00fcber, dass sie ein Profil in den sozialen Netzwerken Facebook und Instagram erstellt hat, mit dem Hauptzweck der Werbung f\u00fcr ihre<\/p>\n","protected":false},"author":5,"featured_media":0,"parent":0,"menu_order":0,"comment_status":"closed","ping_status":"closed","template":"","meta":{"footnotes":""},"class_list":["post-49170","page","type-page","status-publish","hentry","prodpage-classic"],"yoast_head":"<!-- This site is optimized with the Yoast SEO plugin v25.4 - https:\/\/yoast.com\/wordpress\/plugins\/seo\/ -->\n<title>DATENSCHUTZPOLITIK SOZIALE NETZWERKE - Formula Tours<\/title>\n<meta name=\"robots\" content=\"index, follow, max-snippet:-1, max-image-preview:large, max-video-preview:-1\" \/>\n<link rel=\"canonical\" href=\"https:\/\/www.formulatours.es\/de\/datenschutzpolitik-soziale-netzwerke\/\" \/>\n<meta property=\"og:locale\" content=\"de_DE\" \/>\n<meta property=\"og:type\" content=\"article\" \/>\n<meta property=\"og:title\" content=\"DATENSCHUTZPOLITIK SOZIALE NETZWERKE - Formula Tours\" \/>\n<meta property=\"og:description\" content=\"In \u00dcbereinstimmung mit der geltenden Gesetzgebung zum Schutz personenbezogener Daten (RGPD) und dem Gesetz 34\/2002 vom 11. Juli \u00fcber die Dienstleistungen der Informationsgesellschaft und den elektronischen Handel (LSSI-CE) informiert FORMULA TOURS SL die Nutzer dar\u00fcber, dass sie ein Profil in den sozialen Netzwerken Facebook und Instagram erstellt hat, mit dem Hauptzweck der Werbung f\u00fcr ihre\" \/>\n<meta property=\"og:url\" content=\"https:\/\/www.formulatours.es\/de\/datenschutzpolitik-soziale-netzwerke\/\" \/>\n<meta property=\"og:site_name\" content=\"Formula Tours\" \/>\n<meta property=\"article:publisher\" content=\"https:\/\/www.facebook.com\/formulatoursmallorca\/\" \/>\n<meta property=\"article:modified_time\" content=\"2024-05-21T08:14:53+00:00\" \/>\n<meta property=\"og:image\" content=\"https:\/\/www.formulatours.es\/wp-content\/uploads\/2018\/07\/IMG_0433_2.jpg\" \/>\n\t<meta property=\"og:image:width\" content=\"1313\" \/>\n\t<meta property=\"og:image:height\" content=\"876\" \/>\n\t<meta property=\"og:image:type\" content=\"image\/jpeg\" \/>\n<meta name=\"twitter:card\" content=\"summary_large_image\" \/>\n<meta name=\"twitter:label1\" content=\"Gesch\u00e4tzte Lesezeit\" \/>\n\t<meta name=\"twitter:data1\" content=\"4\u00a0Minuten\" \/>\n<script type=\"application\/ld+json\" class=\"yoast-schema-graph\">{\"@context\":\"https:\/\/schema.org\",\"@graph\":[{\"@type\":\"WebPage\",\"@id\":\"https:\/\/www.formulatours.es\/de\/datenschutzpolitik-soziale-netzwerke\/\",\"url\":\"https:\/\/www.formulatours.es\/de\/datenschutzpolitik-soziale-netzwerke\/\",\"name\":\"DATENSCHUTZPOLITIK SOZIALE NETZWERKE - Formula Tours\",\"isPartOf\":{\"@id\":\"https:\/\/www.formulatours.es\/#website\"},\"datePublished\":\"2024-05-21T08:14:44+00:00\",\"dateModified\":\"2024-05-21T08:14:53+00:00\",\"breadcrumb\":{\"@id\":\"https:\/\/www.formulatours.es\/de\/datenschutzpolitik-soziale-netzwerke\/#breadcrumb\"},\"inLanguage\":\"de\",\"potentialAction\":[{\"@type\":\"ReadAction\",\"target\":[\"https:\/\/www.formulatours.es\/de\/datenschutzpolitik-soziale-netzwerke\/\"]}]},{\"@type\":\"BreadcrumbList\",\"@id\":\"https:\/\/www.formulatours.es\/de\/datenschutzpolitik-soziale-netzwerke\/#breadcrumb\",\"itemListElement\":[{\"@type\":\"ListItem\",\"position\":1,\"name\":\"Portada\",\"item\":\"https:\/\/www.formulatours.es\/de\/\"},{\"@type\":\"ListItem\",\"position\":2,\"name\":\"DATENSCHUTZPOLITIK SOZIALE NETZWERKE\"}]},{\"@type\":\"WebSite\",\"@id\":\"https:\/\/www.formulatours.es\/#website\",\"url\":\"https:\/\/www.formulatours.es\/\",\"name\":\"Formula Tours\",\"description\":\"Tours guiados por Mallorca\",\"publisher\":{\"@id\":\"https:\/\/www.formulatours.es\/#organization\"},\"potentialAction\":[{\"@type\":\"SearchAction\",\"target\":{\"@type\":\"EntryPoint\",\"urlTemplate\":\"https:\/\/www.formulatours.es\/?s={search_term_string}\"},\"query-input\":{\"@type\":\"PropertyValueSpecification\",\"valueRequired\":true,\"valueName\":\"search_term_string\"}}],\"inLanguage\":\"de\"},{\"@type\":\"Organization\",\"@id\":\"https:\/\/www.formulatours.es\/#organization\",\"name\":\"F\u00f3rmula Tours\",\"url\":\"https:\/\/www.formulatours.es\/\",\"logo\":{\"@type\":\"ImageObject\",\"inLanguage\":\"de\",\"@id\":\"https:\/\/www.formulatours.es\/#\/schema\/logo\/image\/\",\"url\":\"https:\/\/www.formulatours.es\/wp-content\/uploads\/2018\/03\/ft-logo.png\",\"contentUrl\":\"https:\/\/www.formulatours.es\/wp-content\/uploads\/2018\/03\/ft-logo.png\",\"width\":530,\"height\":212,\"caption\":\"F\u00f3rmula Tours\"},\"image\":{\"@id\":\"https:\/\/www.formulatours.es\/#\/schema\/logo\/image\/\"},\"sameAs\":[\"https:\/\/www.facebook.com\/formulatoursmallorca\/\",\"https:\/\/www.instagram.com\/formulatoursmallorca\/\",\"https:\/\/www.youtube.com\/channel\/UC0oC6ZF1VlH41lbAfSbvk-w\"]}]}<\/script>\n<!-- \/ Yoast SEO plugin. -->","yoast_head_json":{"title":"DATENSCHUTZPOLITIK SOZIALE NETZWERKE - Formula Tours","robots":{"index":"index","follow":"follow","max-snippet":"max-snippet:-1","max-image-preview":"max-image-preview:large","max-video-preview":"max-video-preview:-1"},"canonical":"https:\/\/www.formulatours.es\/de\/datenschutzpolitik-soziale-netzwerke\/","og_locale":"de_DE","og_type":"article","og_title":"DATENSCHUTZPOLITIK SOZIALE NETZWERKE - Formula Tours","og_description":"In \u00dcbereinstimmung mit der geltenden Gesetzgebung zum Schutz personenbezogener Daten (RGPD) und dem Gesetz 34\/2002 vom 11. Juli \u00fcber die Dienstleistungen der Informationsgesellschaft und den elektronischen Handel (LSSI-CE) informiert FORMULA TOURS SL die Nutzer dar\u00fcber, dass sie ein Profil in den sozialen Netzwerken Facebook und Instagram erstellt hat, mit dem Hauptzweck der Werbung f\u00fcr ihre","og_url":"https:\/\/www.formulatours.es\/de\/datenschutzpolitik-soziale-netzwerke\/","og_site_name":"Formula Tours","article_publisher":"https:\/\/www.facebook.com\/formulatoursmallorca\/","article_modified_time":"2024-05-21T08:14:53+00:00","og_image":[{"width":1313,"height":876,"url":"https:\/\/www.formulatours.es\/wp-content\/uploads\/2018\/07\/IMG_0433_2.jpg","type":"image\/jpeg"}],"twitter_card":"summary_large_image","twitter_misc":{"Gesch\u00e4tzte Lesezeit":"4\u00a0Minuten"},"schema":{"@context":"https:\/\/schema.org","@graph":[{"@type":"WebPage","@id":"https:\/\/www.formulatours.es\/de\/datenschutzpolitik-soziale-netzwerke\/","url":"https:\/\/www.formulatours.es\/de\/datenschutzpolitik-soziale-netzwerke\/","name":"DATENSCHUTZPOLITIK SOZIALE NETZWERKE - Formula Tours","isPartOf":{"@id":"https:\/\/www.formulatours.es\/#website"},"datePublished":"2024-05-21T08:14:44+00:00","dateModified":"2024-05-21T08:14:53+00:00","breadcrumb":{"@id":"https:\/\/www.formulatours.es\/de\/datenschutzpolitik-soziale-netzwerke\/#breadcrumb"},"inLanguage":"de","potentialAction":[{"@type":"ReadAction","target":["https:\/\/www.formulatours.es\/de\/datenschutzpolitik-soziale-netzwerke\/"]}]},{"@type":"BreadcrumbList","@id":"https:\/\/www.formulatours.es\/de\/datenschutzpolitik-soziale-netzwerke\/#breadcrumb","itemListElement":[{"@type":"ListItem","position":1,"name":"Portada","item":"https:\/\/www.formulatours.es\/de\/"},{"@type":"ListItem","position":2,"name":"DATENSCHUTZPOLITIK SOZIALE NETZWERKE"}]},{"@type":"WebSite","@id":"https:\/\/www.formulatours.es\/#website","url":"https:\/\/www.formulatours.es\/","name":"Formula Tours","description":"Tours guiados por Mallorca","publisher":{"@id":"https:\/\/www.formulatours.es\/#organization"},"potentialAction":[{"@type":"SearchAction","target":{"@type":"EntryPoint","urlTemplate":"https:\/\/www.formulatours.es\/?s={search_term_string}"},"query-input":{"@type":"PropertyValueSpecification","valueRequired":true,"valueName":"search_term_string"}}],"inLanguage":"de"},{"@type":"Organization","@id":"https:\/\/www.formulatours.es\/#organization","name":"F\u00f3rmula Tours","url":"https:\/\/www.formulatours.es\/","logo":{"@type":"ImageObject","inLanguage":"de","@id":"https:\/\/www.formulatours.es\/#\/schema\/logo\/image\/","url":"https:\/\/www.formulatours.es\/wp-content\/uploads\/2018\/03\/ft-logo.png","contentUrl":"https:\/\/www.formulatours.es\/wp-content\/uploads\/2018\/03\/ft-logo.png","width":530,"height":212,"caption":"F\u00f3rmula Tours"},"image":{"@id":"https:\/\/www.formulatours.es\/#\/schema\/logo\/image\/"},"sameAs":["https:\/\/www.facebook.com\/formulatoursmallorca\/","https:\/\/www.instagram.com\/formulatoursmallorca\/","https:\/\/www.youtube.com\/channel\/UC0oC6ZF1VlH41lbAfSbvk-w"]}]}},"_links":{"self":[{"href":"https:\/\/www.formulatours.es\/de\/wp-json\/wp\/v2\/pages\/49170","targetHints":{"allow":["GET"]}}],"collection":[{"href":"https:\/\/www.formulatours.es\/de\/wp-json\/wp\/v2\/pages"}],"about":[{"href":"https:\/\/www.formulatours.es\/de\/wp-json\/wp\/v2\/types\/page"}],"author":[{"embeddable":true,"href":"https:\/\/www.formulatours.es\/de\/wp-json\/wp\/v2\/users\/5"}],"replies":[{"embeddable":true,"href":"https:\/\/www.formulatours.es\/de\/wp-json\/wp\/v2\/comments?post=49170"}],"version-history":[{"count":1,"href":"https:\/\/www.formulatours.es\/de\/wp-json\/wp\/v2\/pages\/49170\/revisions"}],"predecessor-version":[{"id":49171,"href":"https:\/\/www.formulatours.es\/de\/wp-json\/wp\/v2\/pages\/49170\/revisions\/49171"}],"wp:attachment":[{"href":"https:\/\/www.formulatours.es\/de\/wp-json\/wp\/v2\/media?parent=49170"}],"curies":[{"name":"wp","href":"https:\/\/api.w.org\/{rel}","templated":true}]}}