{"id":49172,"date":"2024-05-21T10:45:21","date_gmt":"2024-05-21T08:45:21","guid":{"rendered":"https:\/\/www.formulatours.es\/?page_id=49172"},"modified":"2024-05-21T10:45:32","modified_gmt":"2024-05-21T08:45:32","slug":"allgemeine-buchungsbedingungen","status":"publish","type":"page","link":"https:\/\/www.formulatours.es\/de\/allgemeine-buchungsbedingungen\/","title":{"rendered":"ALLGEMEINE BUCHUNGSBEDINGUNGEN"},"content":{"rendered":"\n<p>Diese Allgemeinen Buchungsbedingungen (im Folgenden Allgemeine Gesch\u00e4ftsbedingungen genannt) regeln die Gesch\u00e4ftsbeziehung zwischen FORMULA TOURS SL und dem Nutzer oder Kunden f\u00fcr die Vertragsabschl\u00fcsse, die \u00fcber die Formulare, die FORMULA TOURS SL auf seiner Website zur Verf\u00fcgung stellt, get\u00e4tigt werden <a href=\"http:\/\/www.formulatours.es\/\">www.formulatours.es.<\/a><\/p>\n\n\n\n<p>Die Buchung \u00fcber die Webseiten von FORMULA TOURS SL setzt die ausdr\u00fcckliche Annahme dieser Bedingungen durch den Kunden oder Nutzer voraus, ebenso wie die Nutzungsbedingungen, die f\u00fcr das Surfen des Nutzers auf den Webseiten von FORMULA TOURS SL gelten.<\/p>\n\n\n\n<p>Diese Bedingungen gelten unbeschadet der Anwendung der jeweils geltenden gesetzlichen Bestimmungen.<\/p>\n\n\n\n<p>Die Allgemeinen Gesch\u00e4ftsbedingungen regeln das Fernabsatzverh\u00e4ltnis zwischen FORMULA TOURS SL und dem Nutzer oder Kunden, in \u00dcbereinstimmung mit den gesetzlichen Bestimmungen, insbesondere dem Gesetz 7\/1998 vom 13. April 1998 \u00fcber Allgemeine Gesch\u00e4ftsbedingungen, dem Gesetz 3\/2014, vom 27. M\u00e4rz, das den \u00fcberarbeiteten Text des Allgemeinen Gesetzes zum Schutz von Verbrauchern und Nutzern ab\u00e4ndert, die geltenden Vorschriften zum Schutz personenbezogener Daten, das Gesetz 7\/1996 vom 15. Januar \u00fcber die Regulierung des Einzelhandels und das Gesetz 34\/2002 vom 11. Juli \u00fcber die Dienste der Informationsgesellschaft und den elektronischen Handel.<\/p>\n\n\n\n<p>FORMULA TOURS SL beh\u00e4lt sich das Recht vor, ohne vorherige Ank\u00fcndigung \u00c4nderungen an den Allgemeinen Gesch\u00e4ftsbedingungen vorzunehmen. Solche \u00c4nderungen k\u00f6nnen \u00fcber ihre Websites in jeder rechtlich zul\u00e4ssigen Weise vorgenommen werden und sind verbindlich, solange sie auf der Website ver\u00f6ffentlicht sind und bis sie durch sp\u00e4tere \u00c4nderungen wirksam ge\u00e4ndert werden. FORMULA TOURS SL beh\u00e4lt sich jedoch das Recht vor, in bestimmten F\u00e4llen besondere Vertragsbedingungen anstelle dieser Allgemeinen Gesch\u00e4ftsbedingungen anzuwenden, wenn sie dies f\u00fcr angemessen h\u00e4lt, und diese rechtzeitig und in geeigneter Form bekannt zu geben.<\/p>\n\n\n\n<p><strong>Informationen zur Vorabbuchung<\/strong><\/p>\n\n\n\n<p>FORMULA TOURS SL informiert, dass der Buchungsvorgang \u00fcber ihre Website in dem entsprechenden Abschnitt f\u00fcr die Formalisierung der Buchung detailliert beschrieben ist.<\/p>\n\n\n\n<p>FORMULA TOURS SL informiert auch, dass der Nutzer die Nutzungsbedingungen auf der Website einsehen kann.<\/p>\n\n\n\n<p>Mit der Buchung bei FORMULA TOURS SL \u00fcber die Website erkl\u00e4rt der Nutzer oder Kunde ausdr\u00fccklich, dass er diese Nutzungsbedingungen und die Allgemeinen Gesch\u00e4ftsbedingungen kennt, versteht und akzeptiert. Ebenso erkl\u00e4rt der Nutzer, dass er vollj\u00e4hrig und gesch\u00e4ftsf\u00e4hig ist, um auf die Webseiten von FORMULA TOURS SL zuzugreifen und \u00fcber diese Vertr\u00e4ge abzuschlie\u00dfen. Der Nutzer ist daf\u00fcr verantwortlich, die Identit\u00e4t und das Passwort, die er bei der Registrierung als Kunde erhalten hat, vertraulich und verantwortungsbewusst zu behandeln und darf sie nicht an andere weitergeben.<\/p>\n\n\n\n<p>Nach erfolgter Buchung sieht der Nutzer die Buchungsbest\u00e4tigung auf dem Bildschirm, die als Beleg f\u00fcr die get\u00e4tigte Buchung ausgedruckt werden kann.<\/p>\n\n\n\n<p>Die Buchungsbest\u00e4tigung und der Buchungsbeleg (vom Nutzer ausgedruckter Beleg) gelten nicht als Rechnung.<\/p>\n\n\n\n<p><strong>Funktionsweise der Reservierung<\/strong><\/p>\n\n\n\n<p><strong>Angebot von Reservierungen und Preisangaben<\/strong><\/p>\n\n\n\n<p>In \u00dcbereinstimmung mit den geltenden Vorschriften, insbesondere dem Gesetz 34\/2002 \u00fcber Dienstleistungen der Informationsgesellschaft und den elektronischen Handel, bietet FORMULA TOURS SL im entsprechenden Abschnitt zur Reservierungsformalit\u00e4t Informationen \u00fcber alle m\u00f6glichen Reservierungen, deren Merkmale und Preise. FORMULA TOURS SL beh\u00e4lt sich jedoch das Recht vor, die angebotenen Angebote auf seiner Website durch einfache \u00c4nderung des Inhalts zur\u00fcckzuziehen, zu ersetzen oder zu \u00e4ndern. Auf diese Weise unterliegen die zu jedem Zeitpunkt auf der Website von FORMULA TOURS SL angebotenen Produkte und\/oder Dienstleistungen den jeweils geltenden Allgemeinen Gesch\u00e4ftsbedingungen. Ebenso hat das Unternehmen die Befugnis, ohne vorherige Ank\u00fcndigung und jederzeit den Zugang zu den genannten Produkten und\/oder Dienstleistungen einzustellen.<\/p>\n\n\n\n<p><strong>Preisangaben<\/strong><\/p>\n\n\n\n<p>Jede m\u00f6gliche Reservierung, die angeboten wird, hat ihren Preis angegeben und ob die Mehrwertsteuer (MwSt) oder eine andere anwendbare Steuer enthalten ist. Die auf dem Bildschirm angegebenen Preise sind die jeweils g\u00fcltigen Preise, au\u00dfer im Falle eines typografischen Fehlers. Wenn der Preis aus dem oben genannten Grund abweicht, wird FORMULA TOURS SL den Kunden vor der Abbuchung der Reservierung per E-Mail informieren.<\/p>\n\n\n\n<p><strong>Verf\u00fcgbarkeit.<\/strong><\/p>\n\n\n\n<p>Die Verf\u00fcgbarkeit der von FORMULA TOURS SL \u00fcber seine Website angebotenen Angebote kann je nach Kundennachfrage variieren. Obwohl FORMULA TOURS SL die Datenbank regelm\u00e4\u00dfig aktualisiert, k\u00f6nnte die vom Kunden angeforderte Reservierung zu diesem Zeitpunkt bereits ausgebucht sein. In einem solchen Fall wird FORMULA TOURS SL dem Kunden eine E-Mail senden, um ihn \u00fcber die Unverf\u00fcgbarkeit des Angebots zu informieren.<\/p>\n\n\n\n<p><strong>Zahlungsarten<\/strong><\/p>\n\n\n\n<p>FORMULA TOURS SL verlangt bei Reservierungen \u00fcber seine Website die Angaben einer Kreditkarte des Reservierungsinhabers, um die Wirksamkeit der Reservierung zu garantieren. Die Reservierung kann auch per Bank\u00fcberweisung erfolgen. Die entsprechende Rechnung f\u00fcr die Reservierung wird direkt in der Einrichtung beglichen, sei es in bar, mit Kreditkarte oder auf jede andere vom Betrieb akzeptierte Weise.<\/p>\n\n\n\n<p>&#8211;\u00a0\u00a0\u00a0 Kreditkarte: VISA oder MASTERCARD<\/p>\n\n\n\n<p>Alle Vorg\u00e4nge, die die \u00dcbermittlung pers\u00f6nlicher oder bankbezogener Daten beinhalten, werden in einer sicheren Umgebung durchgef\u00fchrt, einem Server basierend auf der Standard-Sicherheitstechnologie SSL (Secure Sockets Layer). Alle Informationen, die uns \u00fcbermittelt werden, sind verschl\u00fcsselt.<\/p>\n\n\n\n<p>Dar\u00fcber hinaus werden Ihre Kreditkartendaten direkt auf der Seite der Bank im POS (Point of Sale Terminal der Bank) eingegeben und weder in irgendeinem Server von FORMULA TOURS SL eingegeben noch gespeichert.<\/p>\n\n\n\n<p>Beim Bezahlen mit einer VISA- oder MASTERCARD-Karte werden immer die folgenden Daten abgefragt: die Kartennummer, das Ablaufdatum und ein Validierungscode, der mit den letzten 3 Ziffern der in Kursivschrift gedruckten Nummer auf der R\u00fcckseite Ihrer VISA- oder MASTERCARD-Karte \u00fcbereinstimmt, wodurch mehr Sicherheit f\u00fcr die Transaktion gew\u00e4hrleistet wird.<\/p>\n\n\n\n<p>Wenn der Betrag eines Kaufs betr\u00fcgerisch oder f\u00e4lschlicherweise unter Verwendung einer Zahlungskartennummer belastet wurde, kann der Karteninhaber die sofortige Stornierung der Belastung verlangen. In diesem Fall werden die entsprechenden Belastungs- und Gutschriftbuchungen in den Konten des Anbieters und des Inhabers so schnell wie m\u00f6glich vorgenommen.<\/p>\n\n\n\n<p>Wenn der Kauf jedoch tats\u00e4chlich vom Karteninhaber get\u00e4tigt wurde und die Forderung nach R\u00fcckerstattung nicht auf die Aus\u00fcbung des Widerrufs- oder K\u00fcndigungsrechts zur\u00fcckzuf\u00fchren ist und daher die entsprechende Belastung zu Unrecht storniert wurde, haftet der Karteninhaber gegen\u00fcber FORMULA TOURS SL f\u00fcr die durch diese Stornierung entstandenen Sch\u00e4den und Verluste.<\/p>\n\n\n\n<p>&#8211;\u00a0\u00a0\u00a0 Bank\u00fcberweisung<\/p>\n\n\n\n<p>Wenn Sie die Bank\u00fcberweisung ausw\u00e4hlen, erhalten Sie eine Best\u00e4tigung per E-Mail mit den Bankdaten von FORMULA TOURS SL.<\/p>\n\n\n\n<p>Es ist sehr wichtig, dass Sie bei der \u00dcberweisung im Verwendungszweck die Referenznummer sowie Ihren Namen und Nachnamen angeben und die \u00dcberweisung innerhalb von 3 Tagen nach dem Best\u00e4tigungsdatum durchf\u00fchren, um sie zu validieren.<\/p>\n\n\n\n<p>Wenn Sie m\u00f6chten, k\u00f6nnen Sie uns den \u00dcberweisungsbeleg per E-Mail zusenden <a href=\"mailto:formulatours@icloud.com\">formulatours@icloud.com.\u00a0 <\/a>Aber in jedem Fall wird die Best\u00e4tigung des Services nicht wirksam, bis unsere Verwaltungsabteilung eine Bankbest\u00e4tigung der \u00dcberweisung erhalten hat.<\/p>\n\n\n\n<p>Wir m\u00f6chten Sie daran erinnern, dass die Zahlung in EUROS erfolgen muss und dass alle eventuellen Wechsel- und Bankgeb\u00fchren zu Ihren Lasten gehen.<\/p>\n\n\n\n<p>Im Falle von Bank\u00fcberweisungen aus dem Ausland ist es sehr wichtig, dass Sie bei der Anweisung der \u00dcberweisung Ihrer Bank immer mitteilen, dass die Geb\u00fchren am Ursprungsort zu Ihren Lasten gehen, sowie die entsprechenden Bankgeb\u00fchren und Kosten Ihrer Bank. Andernfalls k\u00f6nnte FORMULA TOURS SL den gebuchten Service einstellen, da der vollst\u00e4ndige Betrag nicht eingegangen ist.<\/p>\n\n\n\n<p>Die m\u00f6glichen Wechsel- und Bankgeb\u00fchren gehen zu Lasten des Kunden.<\/p>\n\n\n\n<p><strong>Stornierung der Reservierung.<\/strong><\/p>\n\n\n\n<p>Nach Abschluss der Reservierung werden keine Stornierungen oder \u00c4nderungen akzeptiert.<\/p>\n\n\n\n<p><strong>Widerruf.<\/strong><\/p>\n\n\n\n<p>Gem\u00e4\u00df Artikel 103 des Gesetzes 3\/2014 vom 27. M\u00e4rz, durch das der \u00fcberarbeitete Text des Allgemeinen Gesetzes zum Schutz der Verbraucher und Nutzer ge\u00e4ndert wird, sind Dienstleistungen oder Waren, die nach den Spezifikationen des Verbrauchers angefertigt oder eindeutig personalisiert sind oder die aufgrund ihrer Natur nicht zur\u00fcckgegeben werden k\u00f6nnen oder schnell verderben oder verfallen k\u00f6nnen, vom Widerruf ausgeschlossen.<\/p>\n\n\n\n<p><strong>DATENSCHUTZ<\/strong><\/p>\n\n\n\n<p>In \u00dcbereinstimmung mit den geltenden Vorschriften zum Schutz personenbezogener Daten informieren wir Sie, dass Ihre Daten in das Eigentumssystem von FORMULA TOURS SL mit der Steuernummer CIF B16546376 und dem Sitz in SAVINA 8, 07160 PEGUERA (ILLES BALEARS) aufgenommen werden, um die zwischen den Parteien vereinbarten Verpflichtungen zu erleichtern, zu beschleunigen und zu erf\u00fcllen. In \u00dcbereinstimmung mit den geltenden Vorschriften informiert FORMULA TOURS SL, dass die Daten f\u00fcr die zur Erf\u00fcllung der oben genannten Vorschriften strikt notwendige Zeit aufbewahrt werden.<\/p>\n\n\n\n<p>Wir informieren Sie, dass wir Ihre Daten gem\u00e4\u00df der Existenz Ihrer Zustimmung und der vertraglichen Beziehung, die wir mit Ihnen haben, verarbeiten werden.<\/p>\n\n\n\n<p>FORMULA TOURS SL informiert, dass die Daten rechtm\u00e4\u00dfig, fair, transparent, angemessen, relevant, begrenzt, genau und aktuell verarbeitet werden. FORMULA TOURS SL verpflichtet sich daher, alle angemessenen Ma\u00dfnahmen zu ergreifen, um diese unverz\u00fcglich zu l\u00f6schen oder zu berichtigen, wenn sie ungenau sind.<\/p>\n\n\n\n<p>In \u00dcbereinstimmung mit den geltenden Vorschriften zum Datenschutz k\u00f6nnen Sie Ihre Rechte auf Zugang, Berichtigung, Einschr\u00e4nkung der Verarbeitung, L\u00f6schung, \u00dcbertragbarkeit und Widerspruch gegen die Verarbeitung Ihrer personenbezogenen Daten sowie den Widerruf der Zustimmung zur Verarbeitung dieser Daten aus\u00fcben, indem Sie Ihre Anfrage an die oben angegebene Postadresse oder an die E-Mail-Adresse <a href=\"mailto:formulatours@icloud.com\">formulatours@icloud.com<\/a> richten.<\/p>\n\n\n\n<p>Sie k\u00f6nnen sich an die zust\u00e4ndige Aufsichtsbeh\u00f6rde wenden, um die Beschwerde einzureichen, die Sie f\u00fcr angemessen halten.<\/p>\n\n\n\n<p><strong>ANWENDBARES RECHT UND GERICHTSSTAND<\/strong><\/p>\n\n\n\n<p>FORMULA TOURS SL beh\u00e4lt sich das Recht vor, zivil- oder strafrechtliche Schritte einzuleiten, die sie f\u00fcr angemessen h\u00e4lt, aufgrund der missbr\u00e4uchlichen Nutzung ihrer Website und Inhalte oder aufgrund der Nichterf\u00fcllung dieser Bedingungen.<\/p>\n\n\n\n<p>Die Beziehung zwischen dem Nutzer und dem Anbieter unterliegt den geltenden und anwendbaren Vorschriften auf spanischem Gebiet. Bei Streitigkeiten k\u00f6nnen die Parteien ihre Konflikte einem Schiedsverfahren unterziehen oder sich an die ordentliche Gerichtsbarkeit wenden, unter Einhaltung der Vorschriften \u00fcber Gerichtsbarkeit und Zust\u00e4ndigkeit in dieser Hinsicht. FORMULA TOURS SL hat seinen Sitz auf den ILLES BALEARS, Spanien.<\/p>\n","protected":false},"excerpt":{"rendered":"<p>Diese Allgemeinen Buchungsbedingungen (im Folgenden Allgemeine Gesch\u00e4ftsbedingungen genannt) regeln die Gesch\u00e4ftsbeziehung zwischen FORMULA TOURS SL und dem Nutzer oder Kunden f\u00fcr die Vertragsabschl\u00fcsse, die \u00fcber die Formulare, die FORMULA TOURS SL auf seiner Website zur Verf\u00fcgung stellt, get\u00e4tigt werden www.formulatours.es. Die Buchung \u00fcber die Webseiten von FORMULA TOURS SL setzt die ausdr\u00fcckliche Annahme dieser Bedingungen<\/p>\n","protected":false},"author":5,"featured_media":0,"parent":0,"menu_order":0,"comment_status":"closed","ping_status":"closed","template":"","meta":{"footnotes":""},"class_list":["post-49172","page","type-page","status-publish","hentry","prodpage-classic"],"yoast_head":"<!-- This site is optimized with the Yoast SEO plugin v25.4 - https:\/\/yoast.com\/wordpress\/plugins\/seo\/ -->\n<title>ALLGEMEINE BUCHUNGSBEDINGUNGEN - Formula Tours<\/title>\n<meta name=\"robots\" content=\"index, follow, max-snippet:-1, max-image-preview:large, max-video-preview:-1\" \/>\n<link rel=\"canonical\" href=\"https:\/\/www.formulatours.es\/de\/allgemeine-buchungsbedingungen\/\" \/>\n<meta property=\"og:locale\" content=\"de_DE\" \/>\n<meta property=\"og:type\" content=\"article\" \/>\n<meta property=\"og:title\" content=\"ALLGEMEINE BUCHUNGSBEDINGUNGEN - Formula Tours\" \/>\n<meta property=\"og:description\" content=\"Diese Allgemeinen Buchungsbedingungen (im Folgenden Allgemeine Gesch\u00e4ftsbedingungen genannt) regeln die Gesch\u00e4ftsbeziehung zwischen FORMULA TOURS SL und dem Nutzer oder Kunden f\u00fcr die Vertragsabschl\u00fcsse, die \u00fcber die Formulare, die FORMULA TOURS SL auf seiner Website zur Verf\u00fcgung stellt, get\u00e4tigt werden www.formulatours.es. Die Buchung \u00fcber die Webseiten von FORMULA TOURS SL setzt die ausdr\u00fcckliche Annahme dieser Bedingungen\" \/>\n<meta property=\"og:url\" content=\"https:\/\/www.formulatours.es\/de\/allgemeine-buchungsbedingungen\/\" \/>\n<meta property=\"og:site_name\" content=\"Formula Tours\" \/>\n<meta property=\"article:publisher\" content=\"https:\/\/www.facebook.com\/formulatoursmallorca\/\" \/>\n<meta property=\"article:modified_time\" content=\"2024-05-21T08:45:32+00:00\" \/>\n<meta property=\"og:image\" content=\"https:\/\/www.formulatours.es\/wp-content\/uploads\/2018\/07\/IMG_0433_2.jpg\" \/>\n\t<meta property=\"og:image:width\" content=\"1313\" \/>\n\t<meta property=\"og:image:height\" content=\"876\" \/>\n\t<meta property=\"og:image:type\" content=\"image\/jpeg\" \/>\n<meta name=\"twitter:card\" content=\"summary_large_image\" \/>\n<meta name=\"twitter:label1\" content=\"Gesch\u00e4tzte Lesezeit\" \/>\n\t<meta name=\"twitter:data1\" content=\"8\u00a0Minuten\" \/>\n<script type=\"application\/ld+json\" class=\"yoast-schema-graph\">{\"@context\":\"https:\/\/schema.org\",\"@graph\":[{\"@type\":\"WebPage\",\"@id\":\"https:\/\/www.formulatours.es\/de\/allgemeine-buchungsbedingungen\/\",\"url\":\"https:\/\/www.formulatours.es\/de\/allgemeine-buchungsbedingungen\/\",\"name\":\"ALLGEMEINE BUCHUNGSBEDINGUNGEN - Formula Tours\",\"isPartOf\":{\"@id\":\"https:\/\/www.formulatours.es\/#website\"},\"datePublished\":\"2024-05-21T08:45:21+00:00\",\"dateModified\":\"2024-05-21T08:45:32+00:00\",\"breadcrumb\":{\"@id\":\"https:\/\/www.formulatours.es\/de\/allgemeine-buchungsbedingungen\/#breadcrumb\"},\"inLanguage\":\"de\",\"potentialAction\":[{\"@type\":\"ReadAction\",\"target\":[\"https:\/\/www.formulatours.es\/de\/allgemeine-buchungsbedingungen\/\"]}]},{\"@type\":\"BreadcrumbList\",\"@id\":\"https:\/\/www.formulatours.es\/de\/allgemeine-buchungsbedingungen\/#breadcrumb\",\"itemListElement\":[{\"@type\":\"ListItem\",\"position\":1,\"name\":\"Portada\",\"item\":\"https:\/\/www.formulatours.es\/de\/\"},{\"@type\":\"ListItem\",\"position\":2,\"name\":\"ALLGEMEINE BUCHUNGSBEDINGUNGEN\"}]},{\"@type\":\"WebSite\",\"@id\":\"https:\/\/www.formulatours.es\/#website\",\"url\":\"https:\/\/www.formulatours.es\/\",\"name\":\"Formula Tours\",\"description\":\"Tours guiados por Mallorca\",\"publisher\":{\"@id\":\"https:\/\/www.formulatours.es\/#organization\"},\"potentialAction\":[{\"@type\":\"SearchAction\",\"target\":{\"@type\":\"EntryPoint\",\"urlTemplate\":\"https:\/\/www.formulatours.es\/?s={search_term_string}\"},\"query-input\":{\"@type\":\"PropertyValueSpecification\",\"valueRequired\":true,\"valueName\":\"search_term_string\"}}],\"inLanguage\":\"de\"},{\"@type\":\"Organization\",\"@id\":\"https:\/\/www.formulatours.es\/#organization\",\"name\":\"F\u00f3rmula Tours\",\"url\":\"https:\/\/www.formulatours.es\/\",\"logo\":{\"@type\":\"ImageObject\",\"inLanguage\":\"de\",\"@id\":\"https:\/\/www.formulatours.es\/#\/schema\/logo\/image\/\",\"url\":\"https:\/\/www.formulatours.es\/wp-content\/uploads\/2018\/03\/ft-logo.png\",\"contentUrl\":\"https:\/\/www.formulatours.es\/wp-content\/uploads\/2018\/03\/ft-logo.png\",\"width\":530,\"height\":212,\"caption\":\"F\u00f3rmula Tours\"},\"image\":{\"@id\":\"https:\/\/www.formulatours.es\/#\/schema\/logo\/image\/\"},\"sameAs\":[\"https:\/\/www.facebook.com\/formulatoursmallorca\/\",\"https:\/\/www.instagram.com\/formulatoursmallorca\/\",\"https:\/\/www.youtube.com\/channel\/UC0oC6ZF1VlH41lbAfSbvk-w\"]}]}<\/script>\n<!-- \/ Yoast SEO plugin. -->","yoast_head_json":{"title":"ALLGEMEINE BUCHUNGSBEDINGUNGEN - Formula Tours","robots":{"index":"index","follow":"follow","max-snippet":"max-snippet:-1","max-image-preview":"max-image-preview:large","max-video-preview":"max-video-preview:-1"},"canonical":"https:\/\/www.formulatours.es\/de\/allgemeine-buchungsbedingungen\/","og_locale":"de_DE","og_type":"article","og_title":"ALLGEMEINE BUCHUNGSBEDINGUNGEN - Formula Tours","og_description":"Diese Allgemeinen Buchungsbedingungen (im Folgenden Allgemeine Gesch\u00e4ftsbedingungen genannt) regeln die Gesch\u00e4ftsbeziehung zwischen FORMULA TOURS SL und dem Nutzer oder Kunden f\u00fcr die Vertragsabschl\u00fcsse, die \u00fcber die Formulare, die FORMULA TOURS SL auf seiner Website zur Verf\u00fcgung stellt, get\u00e4tigt werden www.formulatours.es. Die Buchung \u00fcber die Webseiten von FORMULA TOURS SL setzt die ausdr\u00fcckliche Annahme dieser Bedingungen","og_url":"https:\/\/www.formulatours.es\/de\/allgemeine-buchungsbedingungen\/","og_site_name":"Formula Tours","article_publisher":"https:\/\/www.facebook.com\/formulatoursmallorca\/","article_modified_time":"2024-05-21T08:45:32+00:00","og_image":[{"width":1313,"height":876,"url":"https:\/\/www.formulatours.es\/wp-content\/uploads\/2018\/07\/IMG_0433_2.jpg","type":"image\/jpeg"}],"twitter_card":"summary_large_image","twitter_misc":{"Gesch\u00e4tzte Lesezeit":"8\u00a0Minuten"},"schema":{"@context":"https:\/\/schema.org","@graph":[{"@type":"WebPage","@id":"https:\/\/www.formulatours.es\/de\/allgemeine-buchungsbedingungen\/","url":"https:\/\/www.formulatours.es\/de\/allgemeine-buchungsbedingungen\/","name":"ALLGEMEINE BUCHUNGSBEDINGUNGEN - Formula Tours","isPartOf":{"@id":"https:\/\/www.formulatours.es\/#website"},"datePublished":"2024-05-21T08:45:21+00:00","dateModified":"2024-05-21T08:45:32+00:00","breadcrumb":{"@id":"https:\/\/www.formulatours.es\/de\/allgemeine-buchungsbedingungen\/#breadcrumb"},"inLanguage":"de","potentialAction":[{"@type":"ReadAction","target":["https:\/\/www.formulatours.es\/de\/allgemeine-buchungsbedingungen\/"]}]},{"@type":"BreadcrumbList","@id":"https:\/\/www.formulatours.es\/de\/allgemeine-buchungsbedingungen\/#breadcrumb","itemListElement":[{"@type":"ListItem","position":1,"name":"Portada","item":"https:\/\/www.formulatours.es\/de\/"},{"@type":"ListItem","position":2,"name":"ALLGEMEINE BUCHUNGSBEDINGUNGEN"}]},{"@type":"WebSite","@id":"https:\/\/www.formulatours.es\/#website","url":"https:\/\/www.formulatours.es\/","name":"Formula Tours","description":"Tours guiados por Mallorca","publisher":{"@id":"https:\/\/www.formulatours.es\/#organization"},"potentialAction":[{"@type":"SearchAction","target":{"@type":"EntryPoint","urlTemplate":"https:\/\/www.formulatours.es\/?s={search_term_string}"},"query-input":{"@type":"PropertyValueSpecification","valueRequired":true,"valueName":"search_term_string"}}],"inLanguage":"de"},{"@type":"Organization","@id":"https:\/\/www.formulatours.es\/#organization","name":"F\u00f3rmula Tours","url":"https:\/\/www.formulatours.es\/","logo":{"@type":"ImageObject","inLanguage":"de","@id":"https:\/\/www.formulatours.es\/#\/schema\/logo\/image\/","url":"https:\/\/www.formulatours.es\/wp-content\/uploads\/2018\/03\/ft-logo.png","contentUrl":"https:\/\/www.formulatours.es\/wp-content\/uploads\/2018\/03\/ft-logo.png","width":530,"height":212,"caption":"F\u00f3rmula Tours"},"image":{"@id":"https:\/\/www.formulatours.es\/#\/schema\/logo\/image\/"},"sameAs":["https:\/\/www.facebook.com\/formulatoursmallorca\/","https:\/\/www.instagram.com\/formulatoursmallorca\/","https:\/\/www.youtube.com\/channel\/UC0oC6ZF1VlH41lbAfSbvk-w"]}]}},"_links":{"self":[{"href":"https:\/\/www.formulatours.es\/de\/wp-json\/wp\/v2\/pages\/49172","targetHints":{"allow":["GET"]}}],"collection":[{"href":"https:\/\/www.formulatours.es\/de\/wp-json\/wp\/v2\/pages"}],"about":[{"href":"https:\/\/www.formulatours.es\/de\/wp-json\/wp\/v2\/types\/page"}],"author":[{"embeddable":true,"href":"https:\/\/www.formulatours.es\/de\/wp-json\/wp\/v2\/users\/5"}],"replies":[{"embeddable":true,"href":"https:\/\/www.formulatours.es\/de\/wp-json\/wp\/v2\/comments?post=49172"}],"version-history":[{"count":1,"href":"https:\/\/www.formulatours.es\/de\/wp-json\/wp\/v2\/pages\/49172\/revisions"}],"predecessor-version":[{"id":49173,"href":"https:\/\/www.formulatours.es\/de\/wp-json\/wp\/v2\/pages\/49172\/revisions\/49173"}],"wp:attachment":[{"href":"https:\/\/www.formulatours.es\/de\/wp-json\/wp\/v2\/media?parent=49172"}],"curies":[{"name":"wp","href":"https:\/\/api.w.org\/{rel}","templated":true}]}}