{"id":3768,"date":"2018-01-20T15:30:48","date_gmt":"2018-07-20T13:30:49","guid":{"rendered":"https:\/\/www.formulatours.es\/?post_type=product&#038;p=3768"},"modified":"2024-05-08T11:46:56","modified_gmt":"2024-05-08T09:46:56","slug":"tour-4","status":"publish","type":"product","link":"https:\/\/www.formulatours.es\/de\/shop\/tours\/tour-4\/","title":{"rendered":"Tour #4 Aussichtspunkt Sa Foradada"},"content":{"rendered":"<div class=\"page\" title=\"Page 2\">\n<div class=\"section\">\n<div class=\"layoutArea\">\n<div class=\"column\">\n<p><strong>Tour 4 Stunden<\/strong><\/p>\n<div class=\"page\" title=\"Page 2\">\n<div class=\"section\">\n<div class=\"layoutArea\">\n<div class=\"column\">\n<p><strong>Zeit:\u00a0 <\/strong>ab 9<span class=\"s1\">:00<\/span><\/p>\n<\/div>\n<\/div>\n<\/div>\n<\/div>\n<\/div>\n<div class=\"page\" title=\"Page 2\">\n<div class=\"section\">\n<div class=\"layoutArea\">\n<div class=\"column\">\n<div class=\"page\" title=\"Page 3\">\n<div class=\"section\">\n<div class=\"layoutArea\">\n<div class=\"column\">\n<div class=\"page\" title=\"Page 2\">\n<div class=\"section\">\n<div class=\"layoutArea\">\n<div class=\"column\">\n<p class=\"p1\"><span class=\"s1\">Nach einer Einweisung von einem unserer erfahrenen Tourguides in unterschiedlichen Sprachen, beginnen wir unsere gro\u00dfartige Tour entlang der mallorkinischen K\u00fcste in Richtung Palma.<\/span><\/p>\n<p class=\"p1\"><span class=\"s1\">Wir starten in Paguera und fahren an den interessantesten Punkten der K\u00fcste von Calvia entlang,<br \/>\nbevor wir an unserem 1. Halt im ber\u00fchmten und exclusiven Hafen von Puerto Portals ankommen. Dann geht es weiter in Richtung Inselhauptstadt den Paseo Maritimo entlang zur Kathedrale.<\/span><\/p>\n<p class=\"p1\"><span class=\"s1\">Danach umgehen wir Palma und begeben uns in Richtung Norden der Insel. Wir fahren bei Soller und Deya. Auf dem Weg erwarten uns ohne Zweifel die bedeutensten Aussichtspunkte dieser Region.<\/span><\/p>\n<p class=\"p1\"><span class=\"s1\">Gro\u00dfartige Panoramen, tolle Passagen und eine gute Stra\u00dfe erm\u00f6glichen Ihnen ein maximales Fahrvergn\u00fcgen mit unseren Formula- Cars.<\/span><\/p>\n<p class=\"p1\"><span class=\"s1\">Bei Sa Foradada machen wir unseren 2. Halt, wo die M\u00f6glichkeit besteht einen Kaffee zu sich zu nehmen und den Aussichtspunkt zu besuchen.<\/span><\/p>\n<p class=\"p1\"><span class=\"s1\">Danach fahren wir die Richtung von Valdemossa, einer sehr sch\u00f6nen und exclusiven Gegend.<\/span><\/p>\n<p class=\"p1\"><span class=\"s1\">Bevor das Ende von unserer Tour dort gehen wir weiter zur anmutigen Bucht von Cala Fornells. Dann kehren wir zur\u00fcck nach Paguera um unsere Tour zu beenden.<\/span><\/p>\n<p class=\"p1\"><span class=\"s1\">Wir machen auf dieser Tour 3 bis 4 Stopps, abh\u00e4ngig von Zeit und Verkehr.<\/span><\/p>\n<p class=\"p1\"><span class=\"s1\">Es ist Pflicht geschlossene Schuhe und eine Sonnenbrille zu tragen. Zudem empfehlen wir Sonnenschutz und ein Badetuch.<\/span><\/p>\n<p>Wir machen Sie darauf aufmerksam, dass unsere Slingshots nur \u00fcber ein MANUELLES-SCHALTGETRIEBE verf\u00fcgen!<\/p>\n<\/div>\n<\/div>\n<\/div>\n<\/div>\n<p>&nbsp;<\/p>\n<\/div>\n<\/div>\n<\/div>\n<\/div>\n<p><strong>Versicherung:<\/strong><\/p>\n<p class=\"p1\"><span class=\"s1\">Der Preis f\u00fcr die Tour beinhaltet Vollkasko mit Selbstbeteiligung. F\u00fcr beide Touren sind eine Kreditkarte und der F\u00fchrerschein erforderlich.<\/span><\/p>\n<p>Im B\u00fcro m\u00fcssen alle Fahrer eine zus\u00e4tzliche Versicherung in H\u00f6he von 15 \u20ac bezahlen.<\/p>\n<p>&nbsp;<\/p>\n<p><strong>Bedingungen:<\/strong><\/p>\n<\/div>\n<div class=\"itemBody kl-blog-page-body\">\n<ul>\n<li>Die Reservierung ist nicht so weit best\u00e4tigt, dass Sie unsere Best\u00e4tigungs email mit allen f\u00fcr die Tour erforderlichen Informationen nicht erhalten.<\/li>\n<li>Nach der Reservierung werden Stornierungen oder \u00c4nderungen nicht akzeptiert.<\/li>\n<li>Der Kunde muss 30 Minuten vor der Beginn der Tour eintreffen.<\/li>\n<li>Bei einer Versp\u00e4tung akzeptieren wir keinen Zuschlag, das Geld der Reservierung geht verloren.<\/li>\n<li>Bei Regen haben wir das Recht, den Tag oder den Zeitplan unserer Touren zu \u00e4ndern. Falls der Kunde nicht zu einem anderen Datum oder einer anderen Uhrzeit wechseln kann, kann das Geld der Reservierung in den n\u00e4chsten 12 Monaten f\u00fcr eine andere Reservierung verwendet werden.<\/li>\n<li>Formula Tours hat das Recht, Tourpl\u00e4ne und Route zu \u00e4ndern.<\/li>\n<\/ul>\n<\/div>\n<\/div>\n<\/div>\n<\/div>\n<\/div>\n<\/div>\n<\/div>\n","protected":false},"excerpt":{"rendered":"<p><strong>Aussichtspunkt Sa Foradada<\/strong><\/p>\n<p><strong> Foradada<\/strong><br \/>\n<strong>Stunden<\/strong>: 4<br \/>\n<strong>Zeit:\u00a0 <\/strong>ab 9<span class=\"s1\">:00<\/span><\/p>\n<p><span style=\"font-weight: 400;\"><strong>Preis 1 Person \/ Auto:<\/strong> 140 \u20ac<\/span><\/p>\n<p><span style=\"font-weight: 400;\"><strong>Preis 2 Personen \/ Auto:<\/strong> 158 \u20ac<\/span><\/p>\n","protected":false},"featured_media":14895,"template":"","meta":[],"product_brand":[],"product_cat":[573],"product_tag":[],"class_list":{"0":"post-3768","1":"product","2":"type-product","3":"status-publish","4":"has-post-thumbnail","6":"product_cat-tours","8":"first","9":"instock","10":"virtual","11":"product-type-simple","12":"prodpage-classic"},"yoast_head":"<!-- This site is optimized with the Yoast SEO plugin v25.4 - https:\/\/yoast.com\/wordpress\/plugins\/seo\/ -->\n<title>Serra Tramuntana Tours \u30104,5h ab 75\u20ac\u3011 - Formula Tours<\/title>\n<meta name=\"description\" content=\"Entdecke mit dem Tour 4 von FormulaTours unvergleichliche Landschaften und Kulturen. Ein Abenteuer mit Experten, das du nicht vergessen wirst.\" \/>\n<meta name=\"robots\" content=\"index, follow, max-snippet:-1, max-image-preview:large, max-video-preview:-1\" \/>\n<link rel=\"canonical\" href=\"https:\/\/www.formulatours.es\/de\/shop\/tours\/tour-4\/\" \/>\n<meta property=\"og:locale\" content=\"de_DE\" \/>\n<meta property=\"og:type\" content=\"article\" \/>\n<meta property=\"og:title\" content=\"Serra Tramuntana Tours \u30104,5h ab 75\u20ac\u3011 - Formula Tours\" \/>\n<meta property=\"og:description\" content=\"Entdecke mit dem Tour 4 von FormulaTours unvergleichliche Landschaften und Kulturen. Ein Abenteuer mit Experten, das du nicht vergessen wirst.\" \/>\n<meta property=\"og:url\" content=\"https:\/\/www.formulatours.es\/de\/shop\/tours\/tour-4\/\" \/>\n<meta property=\"og:site_name\" content=\"Formula Tours\" \/>\n<meta property=\"article:publisher\" content=\"https:\/\/www.facebook.com\/formulatoursmallorca\/\" \/>\n<meta property=\"article:modified_time\" content=\"2024-05-08T09:46:56+00:00\" \/>\n<meta property=\"og:image\" content=\"https:\/\/www.formulatours.es\/wp-content\/uploads\/2018\/01\/tour-4.jpg\" \/>\n\t<meta property=\"og:image:width\" content=\"720\" \/>\n\t<meta property=\"og:image:height\" content=\"381\" \/>\n\t<meta property=\"og:image:type\" content=\"image\/jpeg\" \/>\n<meta name=\"twitter:card\" content=\"summary_large_image\" \/>\n<meta name=\"twitter:label1\" content=\"Gesch\u00e4tzte Lesezeit\" \/>\n\t<meta name=\"twitter:data1\" content=\"2\u00a0Minuten\" \/>\n<script type=\"application\/ld+json\" class=\"yoast-schema-graph\">{\"@context\":\"https:\/\/schema.org\",\"@graph\":[{\"@type\":\"WebPage\",\"@id\":\"https:\/\/www.formulatours.es\/de\/shop\/tours\/tour-4\/\",\"url\":\"https:\/\/www.formulatours.es\/de\/shop\/tours\/tour-4\/\",\"name\":\"Serra Tramuntana Tours \u30104,5h ab 75\u20ac\u3011 - Formula Tours\",\"isPartOf\":{\"@id\":\"https:\/\/www.formulatours.es\/#website\"},\"primaryImageOfPage\":{\"@id\":\"https:\/\/www.formulatours.es\/de\/shop\/tours\/tour-4\/#primaryimage\"},\"image\":{\"@id\":\"https:\/\/www.formulatours.es\/de\/shop\/tours\/tour-4\/#primaryimage\"},\"thumbnailUrl\":\"https:\/\/www.formulatours.es\/wp-content\/uploads\/2018\/01\/tour-4.jpg\",\"datePublished\":\"2018-07-20T13:30:49+00:00\",\"dateModified\":\"2024-05-08T09:46:56+00:00\",\"description\":\"Entdecke mit dem Tour 4 von FormulaTours unvergleichliche Landschaften und Kulturen. Ein Abenteuer mit Experten, das du nicht vergessen wirst.\",\"breadcrumb\":{\"@id\":\"https:\/\/www.formulatours.es\/de\/shop\/tours\/tour-4\/#breadcrumb\"},\"inLanguage\":\"de\",\"potentialAction\":[{\"@type\":\"ReadAction\",\"target\":[\"https:\/\/www.formulatours.es\/de\/shop\/tours\/tour-4\/\"]}]},{\"@type\":\"ImageObject\",\"inLanguage\":\"de\",\"@id\":\"https:\/\/www.formulatours.es\/de\/shop\/tours\/tour-4\/#primaryimage\",\"url\":\"https:\/\/www.formulatours.es\/wp-content\/uploads\/2018\/01\/tour-4.jpg\",\"contentUrl\":\"https:\/\/www.formulatours.es\/wp-content\/uploads\/2018\/01\/tour-4.jpg\",\"width\":720,\"height\":381},{\"@type\":\"BreadcrumbList\",\"@id\":\"https:\/\/www.formulatours.es\/de\/shop\/tours\/tour-4\/#breadcrumb\",\"itemListElement\":[{\"@type\":\"ListItem\",\"position\":1,\"name\":\"Portada\",\"item\":\"https:\/\/www.formulatours.es\/de\/\"},{\"@type\":\"ListItem\",\"position\":2,\"name\":\"TOURS\",\"item\":\"https:\/\/www.formulatours.es\/de\/tours\/\"},{\"@type\":\"ListItem\",\"position\":3,\"name\":\"Tour #4 Aussichtspunkt Sa Foradada\"}]},{\"@type\":\"WebSite\",\"@id\":\"https:\/\/www.formulatours.es\/#website\",\"url\":\"https:\/\/www.formulatours.es\/\",\"name\":\"Formula Tours\",\"description\":\"Tours guiados por Mallorca\",\"publisher\":{\"@id\":\"https:\/\/www.formulatours.es\/#organization\"},\"potentialAction\":[{\"@type\":\"SearchAction\",\"target\":{\"@type\":\"EntryPoint\",\"urlTemplate\":\"https:\/\/www.formulatours.es\/?s={search_term_string}\"},\"query-input\":{\"@type\":\"PropertyValueSpecification\",\"valueRequired\":true,\"valueName\":\"search_term_string\"}}],\"inLanguage\":\"de\"},{\"@type\":\"Organization\",\"@id\":\"https:\/\/www.formulatours.es\/#organization\",\"name\":\"F\u00f3rmula Tours\",\"url\":\"https:\/\/www.formulatours.es\/\",\"logo\":{\"@type\":\"ImageObject\",\"inLanguage\":\"de\",\"@id\":\"https:\/\/www.formulatours.es\/#\/schema\/logo\/image\/\",\"url\":\"https:\/\/www.formulatours.es\/wp-content\/uploads\/2018\/03\/ft-logo.png\",\"contentUrl\":\"https:\/\/www.formulatours.es\/wp-content\/uploads\/2018\/03\/ft-logo.png\",\"width\":530,\"height\":212,\"caption\":\"F\u00f3rmula Tours\"},\"image\":{\"@id\":\"https:\/\/www.formulatours.es\/#\/schema\/logo\/image\/\"},\"sameAs\":[\"https:\/\/www.facebook.com\/formulatoursmallorca\/\",\"https:\/\/www.instagram.com\/formulatoursmallorca\/\",\"https:\/\/www.youtube.com\/channel\/UC0oC6ZF1VlH41lbAfSbvk-w\"]}]}<\/script>\n<!-- \/ Yoast SEO plugin. -->","yoast_head_json":{"title":"Serra Tramuntana Tours \u30104,5h ab 75\u20ac\u3011 - Formula Tours","description":"Entdecke mit dem Tour 4 von FormulaTours unvergleichliche Landschaften und Kulturen. Ein Abenteuer mit Experten, das du nicht vergessen wirst.","robots":{"index":"index","follow":"follow","max-snippet":"max-snippet:-1","max-image-preview":"max-image-preview:large","max-video-preview":"max-video-preview:-1"},"canonical":"https:\/\/www.formulatours.es\/de\/shop\/tours\/tour-4\/","og_locale":"de_DE","og_type":"article","og_title":"Serra Tramuntana Tours \u30104,5h ab 75\u20ac\u3011 - Formula Tours","og_description":"Entdecke mit dem Tour 4 von FormulaTours unvergleichliche Landschaften und Kulturen. Ein Abenteuer mit Experten, das du nicht vergessen wirst.","og_url":"https:\/\/www.formulatours.es\/de\/shop\/tours\/tour-4\/","og_site_name":"Formula Tours","article_publisher":"https:\/\/www.facebook.com\/formulatoursmallorca\/","article_modified_time":"2024-05-08T09:46:56+00:00","og_image":[{"width":720,"height":381,"url":"https:\/\/www.formulatours.es\/wp-content\/uploads\/2018\/01\/tour-4.jpg","type":"image\/jpeg"}],"twitter_card":"summary_large_image","twitter_misc":{"Gesch\u00e4tzte Lesezeit":"2\u00a0Minuten"},"schema":{"@context":"https:\/\/schema.org","@graph":[{"@type":"WebPage","@id":"https:\/\/www.formulatours.es\/de\/shop\/tours\/tour-4\/","url":"https:\/\/www.formulatours.es\/de\/shop\/tours\/tour-4\/","name":"Serra Tramuntana Tours \u30104,5h ab 75\u20ac\u3011 - Formula Tours","isPartOf":{"@id":"https:\/\/www.formulatours.es\/#website"},"primaryImageOfPage":{"@id":"https:\/\/www.formulatours.es\/de\/shop\/tours\/tour-4\/#primaryimage"},"image":{"@id":"https:\/\/www.formulatours.es\/de\/shop\/tours\/tour-4\/#primaryimage"},"thumbnailUrl":"https:\/\/www.formulatours.es\/wp-content\/uploads\/2018\/01\/tour-4.jpg","datePublished":"2018-07-20T13:30:49+00:00","dateModified":"2024-05-08T09:46:56+00:00","description":"Entdecke mit dem Tour 4 von FormulaTours unvergleichliche Landschaften und Kulturen. Ein Abenteuer mit Experten, das du nicht vergessen wirst.","breadcrumb":{"@id":"https:\/\/www.formulatours.es\/de\/shop\/tours\/tour-4\/#breadcrumb"},"inLanguage":"de","potentialAction":[{"@type":"ReadAction","target":["https:\/\/www.formulatours.es\/de\/shop\/tours\/tour-4\/"]}]},{"@type":"ImageObject","inLanguage":"de","@id":"https:\/\/www.formulatours.es\/de\/shop\/tours\/tour-4\/#primaryimage","url":"https:\/\/www.formulatours.es\/wp-content\/uploads\/2018\/01\/tour-4.jpg","contentUrl":"https:\/\/www.formulatours.es\/wp-content\/uploads\/2018\/01\/tour-4.jpg","width":720,"height":381},{"@type":"BreadcrumbList","@id":"https:\/\/www.formulatours.es\/de\/shop\/tours\/tour-4\/#breadcrumb","itemListElement":[{"@type":"ListItem","position":1,"name":"Portada","item":"https:\/\/www.formulatours.es\/de\/"},{"@type":"ListItem","position":2,"name":"TOURS","item":"https:\/\/www.formulatours.es\/de\/tours\/"},{"@type":"ListItem","position":3,"name":"Tour #4 Aussichtspunkt Sa Foradada"}]},{"@type":"WebSite","@id":"https:\/\/www.formulatours.es\/#website","url":"https:\/\/www.formulatours.es\/","name":"Formula Tours","description":"Tours guiados por Mallorca","publisher":{"@id":"https:\/\/www.formulatours.es\/#organization"},"potentialAction":[{"@type":"SearchAction","target":{"@type":"EntryPoint","urlTemplate":"https:\/\/www.formulatours.es\/?s={search_term_string}"},"query-input":{"@type":"PropertyValueSpecification","valueRequired":true,"valueName":"search_term_string"}}],"inLanguage":"de"},{"@type":"Organization","@id":"https:\/\/www.formulatours.es\/#organization","name":"F\u00f3rmula Tours","url":"https:\/\/www.formulatours.es\/","logo":{"@type":"ImageObject","inLanguage":"de","@id":"https:\/\/www.formulatours.es\/#\/schema\/logo\/image\/","url":"https:\/\/www.formulatours.es\/wp-content\/uploads\/2018\/03\/ft-logo.png","contentUrl":"https:\/\/www.formulatours.es\/wp-content\/uploads\/2018\/03\/ft-logo.png","width":530,"height":212,"caption":"F\u00f3rmula Tours"},"image":{"@id":"https:\/\/www.formulatours.es\/#\/schema\/logo\/image\/"},"sameAs":["https:\/\/www.facebook.com\/formulatoursmallorca\/","https:\/\/www.instagram.com\/formulatoursmallorca\/","https:\/\/www.youtube.com\/channel\/UC0oC6ZF1VlH41lbAfSbvk-w"]}]}},"_links":{"self":[{"href":"https:\/\/www.formulatours.es\/de\/wp-json\/wp\/v2\/product\/3768","targetHints":{"allow":["GET"]}}],"collection":[{"href":"https:\/\/www.formulatours.es\/de\/wp-json\/wp\/v2\/product"}],"about":[{"href":"https:\/\/www.formulatours.es\/de\/wp-json\/wp\/v2\/types\/product"}],"wp:featuredmedia":[{"embeddable":true,"href":"https:\/\/www.formulatours.es\/de\/wp-json\/wp\/v2\/media\/14895"}],"wp:attachment":[{"href":"https:\/\/www.formulatours.es\/de\/wp-json\/wp\/v2\/media?parent=3768"}],"wp:term":[{"taxonomy":"product_brand","embeddable":true,"href":"https:\/\/www.formulatours.es\/de\/wp-json\/wp\/v2\/product_brand?post=3768"},{"taxonomy":"product_cat","embeddable":true,"href":"https:\/\/www.formulatours.es\/de\/wp-json\/wp\/v2\/product_cat?post=3768"},{"taxonomy":"product_tag","embeddable":true,"href":"https:\/\/www.formulatours.es\/de\/wp-json\/wp\/v2\/product_tag?post=3768"}],"curies":[{"name":"wp","href":"https:\/\/api.w.org\/{rel}","templated":true}]}}